{"id":10,"date":"2015-08-10T13:41:22","date_gmt":"2015-08-10T12:41:22","guid":{"rendered":"http:\/\/cisgdb.fr\/?page_id=10"},"modified":"2024-09-06T14:07:37","modified_gmt":"2024-09-06T13:07:37","slug":"lassociation","status":"publish","type":"page","link":"http:\/\/cisgdb.fr\/?page_id=10","title":{"rendered":"L&#8217;association"},"content":{"rendered":"<h2>But de l\u2019association<\/h2>\n<h3>R\u00e9duire la fracture num\u00e9rique en initiant tous les publics \u00e0 l\u2019usage de la micro-informatique et de l\u2019internet.<\/h3>\n<p>Aider les publics \u00e0 s\u2019ins\u00e9rer ou se r\u00e9ins\u00e9rer socialement et professionnellement dans notre soci\u00e9t\u00e9\u00a0:<\/p>\n<ul>\n<li>En partenariat avec des associations de l\u2019Agglom\u00e9ration du Val d\u2019Orge, nous fournissons des comp\u00e9tences et des moyens pour r\u00e9aliser en commun des projets d\u2019apprentissages sp\u00e9cifiques \u00e0 l\u2019attention des publics ayant besoin d\u2019utiliser un micro-ordinateur, en scolarit\u00e9, \u00e9tudes ou au travail.<\/li>\n<li>Nous aidons des personnes \u00e0 la recherche d\u2019un emploi ou des \u00e9tudiants \u00e0 s\u2019ins\u00e9rer ou \u00e0 rester dans le monde \u00ab\u00a0productif\u00a0\u00bb en leur proposant, au sein du club, des activit\u00e9s r\u00e9mun\u00e9r\u00e9es de gestion ou de suivi des adh\u00e9rents.<\/li>\n<\/ul>\n<p>Le club fonctionne avec les moyens suivants\u00a0:<\/p>\n<ul>\n<li>Local mis \u00e0 disposition gracieusement par la municipalit\u00e9 de Ste Genevi\u00e8ve des Bois,dans le quartier des Aunettes.<\/li>\n<li>Ressources propres constitu\u00e9es par les adh\u00e9sions au club et les participations aux ateliers des utilisateurs.<\/li>\n<li>Subventions des diverses autorit\u00e9s de tutelle ( Mairie, Conseil G\u00e9n\u00e9ral,etc\u2026), \u00e9ventuellement recettes publicitaires, dons\u2026<\/li>\n<li>Action des personnels du Conseil d\u2019administration, des animateurs en majorit\u00e9 b\u00e9n\u00e9voles.<\/li>\n<\/ul>\n<p>Il dispose de moyens informatiques r\u00e9cents et assure un encadrement rapproch\u00e9 des utilisateurs.<\/p>\n<p>Les inscriptions se d\u00e9roulent essentiellement \u00e0 la f\u00eate des associations et courant septembre, les renouvellements d\u2019inscription se font en juin.<\/p>\n<h2>\u00a0Notre Histoire<\/h2>\n<p>Depuis 2023 : Changement de si\u00e8ge social et d\u00e9m\u00e9nagement du lieu des ateliers au 3 rue Anne frank<\/p>\n<table>\n<tbody>\n<tr>\n<td width=\"30%\"><\/td>\n<td style=\"text-align: center;\">^<\/td>\n<td width=\"65%\"><\/td>\n<\/tr>\n<tr>\n<td width=\"30%\">\u00e9t\u00e9 2015<\/td>\n<td style=\"text-align: center;\">|<\/td>\n<td width=\"65%\">Nouveau site internet et ouverture des ateliers collaboratifs<\/td>\n<\/tr>\n<tr>\n<td width=\"30%\"><\/td>\n<td><strong>2015<\/strong><\/td>\n<td width=\"65%\"><\/td>\n<\/tr>\n<tr>\n<td width=\"30%\">Sept 2014<\/td>\n<td style=\"text-align: center;\">|<\/td>\n<td width=\"65%\">Travail sur les Ateliers collaboratifs<\/td>\n<\/tr>\n<tr>\n<td width=\"30%\"><\/td>\n<td><strong>2014<\/strong><\/td>\n<td width=\"65%\"><\/td>\n<\/tr>\n<tr>\n<td width=\"30%\"><\/td>\n<td><strong>2013<\/strong><\/td>\n<td width=\"65%\"><\/td>\n<\/tr>\n<tr>\n<td width=\"30%\">Octobre 2012<\/td>\n<td style=\"text-align: center;\">|<\/td>\n<td width=\"65%\">R\u00e9ouverture de la salle<\/td>\n<\/tr>\n<tr>\n<td width=\"30%\">Mars 2012<\/td>\n<td style=\"text-align: center;\">|<\/td>\n<td width=\"65%\">Remise en \u00e9tat de la salle vandalis\u00e9e<\/td>\n<\/tr>\n<tr>\n<td width=\"30%\"><\/td>\n<td><strong>2012<\/strong><\/td>\n<td width=\"65%\"><\/td>\n<\/tr>\n<tr>\n<td width=\"30%\">Novembre 2011<\/td>\n<td style=\"text-align: center;\">|<\/td>\n<td width=\"65%\">Cambriolage du second Local<\/td>\n<\/tr>\n<tr>\n<td width=\"30%\">\u00e9t\u00e9 2011<\/td>\n<td style=\"text-align: center;\">|<\/td>\n<td width=\"65%\">Cr\u00e9ation du site public du Club<\/td>\n<\/tr>\n<tr>\n<td width=\"30%\">Juin 2011<\/td>\n<td style=\"text-align: center;\">|<\/td>\n<td width=\"65%\">Election de Madame Annick DODIN<\/td>\n<\/tr>\n<tr>\n<td width=\"30%\">Mai\/Juin 2011<\/td>\n<td style=\"text-align: center;\">|<\/td>\n<td width=\"65%\">Fin de contrat pour Cyril et Alex<\/td>\n<\/tr>\n<tr>\n<td width=\"30%\">Janvier 2011<\/td>\n<td style=\"text-align: center;\">|<\/td>\n<td width=\"65%\">Fermeture du Club \u00e9vit\u00e9e<\/td>\n<\/tr>\n<tr>\n<td width=\"30%\"><\/td>\n<td><strong>2011<\/strong><\/td>\n<td width=\"65%\"><\/td>\n<\/tr>\n<tr>\n<td width=\"30%\">Septembre 2010<\/td>\n<td style=\"text-align: center;\">|<\/td>\n<td width=\"65%\">Licenciement d\u2019Abdelmalek<\/td>\n<\/tr>\n<tr>\n<td width=\"30%\">2010<\/td>\n<td style=\"text-align: center;\">|<\/td>\n<td width=\"65%\">Extension rue d\u2019Holbach<\/td>\n<\/tr>\n<tr>\n<td width=\"30%\"><\/td>\n<td><strong>2010<\/strong><\/td>\n<td width=\"65%\"><\/td>\n<\/tr>\n<tr>\n<td width=\"30%\">2009<\/td>\n<td style=\"text-align: center;\">|<\/td>\n<td width=\"65%\">Cr\u00e9ation du Blog du Club<\/td>\n<\/tr>\n<tr>\n<td width=\"30%\">D\u00e9cembre 2009<\/td>\n<td style=\"text-align: center;\">|<\/td>\n<td width=\"65%\">Embauche d\u2019Abdelmalek<\/td>\n<\/tr>\n<tr>\n<td width=\"30%\">\u00e9t\u00e9 2009<\/td>\n<td style=\"text-align: center;\">|<\/td>\n<td width=\"65%\">Mis \u00e0 disposition du nouveau local Holbach<\/td>\n<\/tr>\n<tr>\n<td width=\"30%\">Mai\/juin 2009<\/td>\n<td style=\"text-align: center;\">|<\/td>\n<td width=\"65%\">Nouveaux salari\u00e9s Alex et Cyril<\/td>\n<\/tr>\n<tr>\n<td width=\"30%\">Mars 2009<\/td>\n<td style=\"text-align: center;\">|<\/td>\n<td width=\"65%\">F\u00eate du 10\u00e8me anniversaire du Club<\/td>\n<\/tr>\n<tr>\n<td width=\"30%\">2009<\/td>\n<td style=\"text-align: center;\">|<\/td>\n<td width=\"65%\">Association reconnue d\u2019int\u00e9r\u00eat g\u00e9n\u00e9ral<\/td>\n<\/tr>\n<tr>\n<td width=\"30%\"><\/td>\n<td><strong>2009<\/strong><\/td>\n<td width=\"65%\"><\/td>\n<\/tr>\n<tr>\n<td width=\"30%\">2007<\/td>\n<td style=\"text-align: center;\">|<\/td>\n<td width=\"65%\">Obtention du label EPNE<\/td>\n<\/tr>\n<tr>\n<td width=\"30%\"><\/td>\n<td><strong>2007<\/strong><\/td>\n<td width=\"70%\"><\/td>\n<\/tr>\n<tr>\n<td width=\"30%\">2006<\/td>\n<td style=\"text-align: center;\">|<\/td>\n<td width=\"65%\">Election de Jean-Claude Gentis<\/td>\n<\/tr>\n<tr>\n<td width=\"30%\"><\/td>\n<td><strong>2006<\/strong><\/td>\n<td width=\"70%\"><\/td>\n<\/tr>\n<tr>\n<td width=\"30%\">2005<\/td>\n<td style=\"text-align: center;\">|<\/td>\n<td width=\"65%\">Modification des statuts<\/td>\n<\/tr>\n<tr>\n<td width=\"30%\"><\/td>\n<td><strong>2005<\/strong><\/td>\n<td width=\"70%\"><\/td>\n<\/tr>\n<tr>\n<td width=\"30%\">Mars 2004<\/td>\n<td style=\"text-align: center;\">|<\/td>\n<td width=\"65%\">Election de Monsieur Eric BELLOC<\/td>\n<\/tr>\n<tr>\n<td width=\"30%\"><\/td>\n<td style=\"text-align: center;\">|<\/td>\n<td width=\"65%\">Installation rue Rousseau et<br \/>\nCr\u00e9ation d\u2019un Espace Public Num\u00e9rique Essonnien<\/td>\n<\/tr>\n<tr>\n<td width=\"30%\"><\/td>\n<td><strong>2004<\/strong><\/td>\n<td width=\"65%\"><\/td>\n<\/tr>\n<tr>\n<td width=\"30%\"><\/td>\n<td style=\"text-align: center;\">|<\/td>\n<td width=\"65%\">Election de Monsieur BAL Mohamed<\/td>\n<\/tr>\n<tr>\n<td width=\"30%\">7 janvier 1999<\/td>\n<td style=\"text-align: center;\">|<\/td>\n<td width=\"65%\">Cr\u00e9ation de l\u2019association<\/td>\n<\/tr>\n<tr>\n<td width=\"30%\"><\/td>\n<td><strong>1999<\/strong><\/td>\n<td width=\"65%\"><\/td>\n<\/tr>\n<\/tbody>\n<\/table>\n","protected":false},"excerpt":{"rendered":"<p>But de l\u2019association R\u00e9duire la fracture num\u00e9rique en initiant tous les publics \u00e0 l\u2019usage de la micro-informatique et de l\u2019internet. Aider les publics \u00e0 s\u2019ins\u00e9rer ou se r\u00e9ins\u00e9rer socialement et professionnellement dans notre soci\u00e9t\u00e9\u00a0: En partenariat avec des associations de l\u2019Agglom\u00e9ration du Val d\u2019Orge, nous fournissons des comp\u00e9tences et des moyens pour r\u00e9aliser en commun [&hellip;]<\/p>\n","protected":false},"author":1,"featured_media":0,"parent":0,"menu_order":0,"comment_status":"closed","ping_status":"closed","template":"","meta":{"_s2mail":"yes","footnotes":""},"class_list":["post-10","page","type-page","status-publish","hentry"],"_links":{"self":[{"href":"http:\/\/cisgdb.fr\/index.php?rest_route=\/wp\/v2\/pages\/10","targetHints":{"allow":["GET"]}}],"collection":[{"href":"http:\/\/cisgdb.fr\/index.php?rest_route=\/wp\/v2\/pages"}],"about":[{"href":"http:\/\/cisgdb.fr\/index.php?rest_route=\/wp\/v2\/types\/page"}],"author":[{"embeddable":true,"href":"http:\/\/cisgdb.fr\/index.php?rest_route=\/wp\/v2\/users\/1"}],"replies":[{"embeddable":true,"href":"http:\/\/cisgdb.fr\/index.php?rest_route=%2Fwp%2Fv2%2Fcomments&post=10"}],"version-history":[{"count":11,"href":"http:\/\/cisgdb.fr\/index.php?rest_route=\/wp\/v2\/pages\/10\/revisions"}],"predecessor-version":[{"id":2179,"href":"http:\/\/cisgdb.fr\/index.php?rest_route=\/wp\/v2\/pages\/10\/revisions\/2179"}],"wp:attachment":[{"href":"http:\/\/cisgdb.fr\/index.php?rest_route=%2Fwp%2Fv2%2Fmedia&parent=10"}],"curies":[{"name":"wp","href":"https:\/\/api.w.org\/{rel}","templated":true}]}}