{"id":118,"date":"2015-08-10T16:08:50","date_gmt":"2015-08-10T15:08:50","guid":{"rendered":"http:\/\/cisgdb.fr\/?page_id=118"},"modified":"2025-08-26T14:59:30","modified_gmt":"2025-08-26T13:59:30","slug":"xxxxxxxxx","status":"publish","type":"page","link":"http:\/\/cisgdb.fr\/?page_id=118","title":{"rendered":"AIDE AUX ADHERENTS D&#8217;ASSOCIATIONS"},"content":{"rendered":"<div class=\"wp-block-image\">\n<figure class=\"aligncenter size-large is-resized\"><a href=\"http:\/\/cisgdb.fr\/wp-content\/uploads\/2024\/09\/486165858_1096129942553350_156047380460501287_n-1.jpg\"><img loading=\"lazy\" decoding=\"async\" width=\"1024\" height=\"647\" src=\"http:\/\/cisgdb.fr\/wp-content\/uploads\/2024\/09\/486165858_1096129942553350_156047380460501287_n-1-1024x647.jpg\" alt=\"\" class=\"wp-image-2316\" style=\"width:337px;height:auto\" srcset=\"http:\/\/cisgdb.fr\/wp-content\/uploads\/2024\/09\/486165858_1096129942553350_156047380460501287_n-1-1024x647.jpg 1024w, http:\/\/cisgdb.fr\/wp-content\/uploads\/2024\/09\/486165858_1096129942553350_156047380460501287_n-1-300x189.jpg 300w, http:\/\/cisgdb.fr\/wp-content\/uploads\/2024\/09\/486165858_1096129942553350_156047380460501287_n-1-768x485.jpg 768w, http:\/\/cisgdb.fr\/wp-content\/uploads\/2024\/09\/486165858_1096129942553350_156047380460501287_n-1-1536x970.jpg 1536w, http:\/\/cisgdb.fr\/wp-content\/uploads\/2024\/09\/486165858_1096129942553350_156047380460501287_n-1.jpg 2048w\" sizes=\"auto, (max-width: 1024px) 100vw, 1024px\" \/><\/a><\/figure>\n<\/div>\n\n<h4 style=\"text-align: center;\"><strong>Besoin d\u2019une aide ponctuelle, d&#8217;un d\u00e9pannage pour une association ?<br \/><\/strong><\/h4>\n<h4>Le Club Informatique vous propose de vous aider !<\/h4>\n<h1 style=\"text-align: center;\">SOUTIEN INDIVIDUEL &#8211; COURS PARTICULIERS<\/h1>\n<p>Les b\u00e9n\u00e9voles du club peuvent vous aider \u00e0 r\u00e9soudre quelques soucis.\u00a0<\/p>\n<p>Les personnes non adh\u00e9rentes \u00e0 l\u2019association devront s\u2019acquitter d\u2019une adh\u00e9sion de 15 euros pour l\u2019ann\u00e9e. 5 euros par heure pour les 5 premi\u00e8res heures et 10 euros par heure pour les suivantes.<\/p>\n<p>\u00a0<\/p>\n<h1 style=\"text-align: center;\">L\u2019entraide avec les autres associations<\/h1>\n<h1 style=\"text-align: center;\">de Ste-Genevi\u00e8ve et des communes du val d\u2019orge<\/h1>\n<p>Vous avez besoin<\/p>\n<ul>\n<li>\n<h2>de cr\u00e9er un tableur pour g\u00e9rer vos adh\u00e9rents,<\/h2>\n<\/li>\n<li>\n<h2>d&#8217;un logiciel pour cr\u00e9er vos publicit\u00e9s et flyers,<\/h2>\n<\/li>\n<li>\n<h2>d&#8217;un site internet<\/h2>\n<\/li>\n<\/ul>\n<h1 style=\"text-align: center;\"><strong>N&#8217;h\u00e9sitez pas \u00e0 nous contacter <\/strong><\/h1>\n<h1 style=\"text-align: center;\"><strong>au 06 51 847 845<\/strong><\/h1>\n<p>\u00a0<\/p>\n<p>Nos collaborations :<\/p>\n<p><strong>SAIS<\/strong>\u00a0: (Service d\u2019Accompagnement et d\u2019Insertion Sociale) de Saint-Michel sur Orge <em>D\u00e9ficience intellectuelle adulte &#8211; Foyer d\u2019h\u00e9bergement et SAVS (Service d\u2019accompagnement \u00e0 la vie sociale). Le S.A.I.S fait parti du CDSEA (Comit\u00e9 D\u00e9partemental de Sauvegarde de l\u2019Enfant \u00e0 l\u2019Adulte).<\/em><\/p>\n<p><strong><a href=\"http:\/\/cisgdb.fr\/wp-content\/uploads\/2015\/08\/eee.png\"><img loading=\"lazy\" decoding=\"async\" class=\"alignnone size-full wp-image-145\" src=\"http:\/\/cisgdb.fr\/wp-content\/uploads\/2015\/08\/eee.png\" alt=\"eee\" width=\"94\" height=\"90\" \/><\/a> EEE<\/strong> (www.<a href=\"http:\/\/www.ee91.org\/\" target=\"_blank\" rel=\"noopener\">www.ee91.org<\/a>) : Ecole des Echecs de l\u2019Essonne <em>Fond\u00e9e en 2006 par Christian Baumhauer, ancien pr\u00e9sident du Club Evry Grand-Roque, l\u2019Ecole d\u2019Echecs de l\u2019Essonne (EEE) est une association qui a pour vocation de promouvoir le jeu d\u2019\u00e9checs dans l\u2019Essonne, notamment \u00e0 travers des formations multi-niveaux de haute qualit\u00e9 destin\u00e9es aux joueurs d\u2019\u00e9checs des diff\u00e9rents clubs du d\u00e9partement.<\/em><\/p>\n<p><em>L\u2019EEE a d\u00e9fini deux axes de d\u00e9veloppement\u00a0: * La g\u00e9n\u00e9ralisation de la formation des joueurs licenci\u00e9s dans des clubs de l\u2019Essonne\u00a0; * Le d\u00e9veloppement de la formation des jeunes par la formation \u00e0 travers des cours et stages.<\/em><\/p>\n<p>Conseil sur un logiciel de la PAO\u00a0: Scribus.<\/p>\n<p><strong><a href=\"http:\/\/cisgdb.fr\/wp-content\/uploads\/2015\/08\/acafi.jpg\"><img loading=\"lazy\" decoding=\"async\" class=\"alignnone size-full wp-image-146\" src=\"http:\/\/cisgdb.fr\/wp-content\/uploads\/2015\/08\/acafi.jpg\" alt=\"acafi\" width=\"94\" height=\"90\" \/><\/a>ACAFI <\/strong>\u00a0: Association Culturelle d\u2019Amiti\u00e9s Fran\u00e7ais-Immigr\u00e9s <em>L\u2019A.C.A.F.I favorise les \u00e9changes inter-culturels, organise des cours pour les enfants et les adultes, lutte contre le racisme et l\u2019exclusion pour la fraternit\u00e9 et le respect de la dignit\u00e9 de tous les hommes.<\/em><\/p>\n<p>Pr\u00eat de salle et mis \u00e0 disposition d\u2019ordinateurs avec le logiciel ASSIMO (apprentissage du fran\u00e7ais) jusqu\u2019en 2012.<\/p>\n<p><strong><a href=\"http:\/\/cisgdb.fr\/wp-content\/uploads\/2015\/08\/escale.jpg\"><img loading=\"lazy\" decoding=\"async\" class=\"alignnone size-full wp-image-147\" src=\"http:\/\/cisgdb.fr\/wp-content\/uploads\/2015\/08\/escale.jpg\" alt=\"escale\" width=\"93\" height=\"83\" \/><\/a>L\u2019ESCALE<\/strong>\u00a0: Espace Solidarit\u00e9 Conseils Alimentaires Libres Echanges <em>Pour l\u2019ann\u00e9e 2007, 450 familles ont \u00e9t\u00e9 accueillies \u00e0 plusieurs reprises, aid\u00e9es et conseill\u00e9es.<\/em><\/p>\n<p>Application permettant la gestion des adh\u00e9rents. Nous r\u00e9cup\u00e9rons des bo\u00eetes d\u2019oeufs et des sacs en plastique pour l\u2019Escale.<\/p>\n<p><a href=\"http:\/\/cisgdb.fr\/wp-content\/uploads\/2015\/08\/billard.png\"><img loading=\"lazy\" decoding=\"async\" class=\"alignnone wp-image-526\" src=\"http:\/\/cisgdb.fr\/wp-content\/uploads\/2015\/08\/billard.png\" alt=\"billard\" width=\"94\" height=\"55\" \/><\/a><strong>LE CLUB DE BILLARD DE MAISONS-ALFORT<\/strong> (<a href=\"http:\/\/www.mabillard.fr\" target=\"_blank\" rel=\"noopener\">www.abma.fr<\/a>):Implant\u00e9 depuis 1983, le club de billard de Maisons-Alfort a de nombreuses r\u00e9compenses dont des titres de Champion de France.<\/p>\n<p>Une aide sur le site du club de billard. Et la cr\u00e9ation d&#8217;une vid\u00e9o promotionnelle.<\/p>\n<p>\u00a0<\/p>\n<p style=\"text-align: center;\"><strong>\u00a0<\/strong><\/p>","protected":false},"excerpt":{"rendered":"<p>Besoin d\u2019une aide ponctuelle, d&#8217;un d\u00e9pannage pour une association ? Le Club Informatique vous propose de vous aider ! SOUTIEN INDIVIDUEL &#8211; COURS PARTICULIERS Les b\u00e9n\u00e9voles du club peuvent vous aider \u00e0 r\u00e9soudre quelques soucis.\u00a0 Les personnes non adh\u00e9rentes \u00e0 l\u2019association devront s\u2019acquitter d\u2019une adh\u00e9sion de 15 euros pour l\u2019ann\u00e9e. 5 euros par heure pour [&hellip;]<\/p>\n","protected":false},"author":1,"featured_media":0,"parent":0,"menu_order":0,"comment_status":"closed","ping_status":"closed","template":"","meta":{"_s2mail":"yes","footnotes":""},"class_list":["post-118","page","type-page","status-publish","hentry"],"_links":{"self":[{"href":"http:\/\/cisgdb.fr\/index.php?rest_route=\/wp\/v2\/pages\/118","targetHints":{"allow":["GET"]}}],"collection":[{"href":"http:\/\/cisgdb.fr\/index.php?rest_route=\/wp\/v2\/pages"}],"about":[{"href":"http:\/\/cisgdb.fr\/index.php?rest_route=\/wp\/v2\/types\/page"}],"author":[{"embeddable":true,"href":"http:\/\/cisgdb.fr\/index.php?rest_route=\/wp\/v2\/users\/1"}],"replies":[{"embeddable":true,"href":"http:\/\/cisgdb.fr\/index.php?rest_route=%2Fwp%2Fv2%2Fcomments&post=118"}],"version-history":[{"count":13,"href":"http:\/\/cisgdb.fr\/index.php?rest_route=\/wp\/v2\/pages\/118\/revisions"}],"predecessor-version":[{"id":2342,"href":"http:\/\/cisgdb.fr\/index.php?rest_route=\/wp\/v2\/pages\/118\/revisions\/2342"}],"wp:attachment":[{"href":"http:\/\/cisgdb.fr\/index.php?rest_route=%2Fwp%2Fv2%2Fmedia&parent=118"}],"curies":[{"name":"wp","href":"https:\/\/api.w.org\/{rel}","templated":true}]}}