{"id":1187,"date":"2017-11-11T17:50:17","date_gmt":"2017-11-11T16:50:17","guid":{"rendered":"http:\/\/cisgdb.fr\/?page_id=1187"},"modified":"2024-09-06T14:26:09","modified_gmt":"2024-09-06T13:26:09","slug":"aide-aux-associations","status":"publish","type":"page","link":"http:\/\/cisgdb.fr\/?page_id=1187","title":{"rendered":"Aide aux associations"},"content":{"rendered":"\n<p>**Invitation \u00e0 un Temps de Discussion entre Associations sur la Communication Interne et Externe**<\/p>\n\n\n\n<p>Ch\u00e8res associations,<\/p>\n\n\n\n<p>Nous avons le plaisir de vous inviter \u00e0 un temps de discussion sp\u00e9cialement d\u00e9di\u00e9 \u00e0 la communication interne et externe, un enjeu crucial pour le bon fonctionnement et la visibilit\u00e9 de nos organisations. Cet \u00e9v\u00e9nement se tiendra les jeudis de septembre \u00e0 13h.<\/p>\n\n\n\n<p>**Pourquoi participer ?**<\/p>\n\n\n\n<p>La communication est au c\u0153ur de toute association. Elle permet non seulement de maintenir une coh\u00e9sion interne, mais aussi de promouvoir nos actions et nos valeurs aupr\u00e8s du public. Cependant, elle peut parfois repr\u00e9senter un d\u00e9fi, notamment en termes de strat\u00e9gie, d\u2019outils et de ressources.<\/p>\n\n\n\n<p>**Objectifs de la rencontre :**<\/p>\n\n\n\n<p>1. **Partager nos exp\u00e9riences** : Chaque association a ses propres m\u00e9thodes et outils de communication. \u00c9changer sur nos pratiques peut nous inspirer et nous aider \u00e0 am\u00e9liorer nos propres strat\u00e9gies.<\/p>\n\n\n\n<p>2. **Identifier les d\u00e9fis communs** : En discutant de nos difficult\u00e9s, nous pourrons mieux comprendre les obstacles que nous rencontrons et envisager des solutions collectives.<\/p>\n\n\n\n<p>3. **D\u00e9velopper des synergies** : En collaborant, nous pouvons mutualiser nos ressources et nos comp\u00e9tences pour renforcer notre impact commun.<\/p>\n\n\n\n<p>Nous esp\u00e9rons que cette rencontre sera l\u2019occasion de cr\u00e9er des liens durables et de renforcer notre r\u00e9seau associatif. Votre participation est essentielle pour enrichir cette discussion et faire avancer nos r\u00e9flexions communes.<\/p>\n","protected":false},"excerpt":{"rendered":"<p>**Invitation \u00e0 un Temps de Discussion entre Associations sur la Communication Interne et Externe** Ch\u00e8res associations, Nous avons le plaisir de vous inviter \u00e0 un temps de discussion sp\u00e9cialement d\u00e9di\u00e9 \u00e0 la communication interne et externe, un enjeu crucial pour le bon fonctionnement et la visibilit\u00e9 de nos organisations. Cet \u00e9v\u00e9nement se tiendra les jeudis [&hellip;]<\/p>\n","protected":false},"author":1,"featured_media":0,"parent":0,"menu_order":0,"comment_status":"closed","ping_status":"closed","template":"","meta":{"_s2mail":"yes","footnotes":""},"class_list":["post-1187","page","type-page","status-publish","hentry"],"_links":{"self":[{"href":"http:\/\/cisgdb.fr\/index.php?rest_route=\/wp\/v2\/pages\/1187","targetHints":{"allow":["GET"]}}],"collection":[{"href":"http:\/\/cisgdb.fr\/index.php?rest_route=\/wp\/v2\/pages"}],"about":[{"href":"http:\/\/cisgdb.fr\/index.php?rest_route=\/wp\/v2\/types\/page"}],"author":[{"embeddable":true,"href":"http:\/\/cisgdb.fr\/index.php?rest_route=\/wp\/v2\/users\/1"}],"replies":[{"embeddable":true,"href":"http:\/\/cisgdb.fr\/index.php?rest_route=%2Fwp%2Fv2%2Fcomments&post=1187"}],"version-history":[{"count":3,"href":"http:\/\/cisgdb.fr\/index.php?rest_route=\/wp\/v2\/pages\/1187\/revisions"}],"predecessor-version":[{"id":2189,"href":"http:\/\/cisgdb.fr\/index.php?rest_route=\/wp\/v2\/pages\/1187\/revisions\/2189"}],"wp:attachment":[{"href":"http:\/\/cisgdb.fr\/index.php?rest_route=%2Fwp%2Fv2%2Fmedia&parent=1187"}],"curies":[{"name":"wp","href":"https:\/\/api.w.org\/{rel}","templated":true}]}}