{"id":12,"date":"2015-08-10T13:41:40","date_gmt":"2015-08-10T12:41:40","guid":{"rendered":"http:\/\/cisgdb.fr\/?page_id=12"},"modified":"2025-08-26T12:19:35","modified_gmt":"2025-08-26T11:19:35","slug":"lequipe","status":"publish","type":"page","link":"http:\/\/cisgdb.fr\/?page_id=12","title":{"rendered":"Notre \u00e9quipe"},"content":{"rendered":"\n<p><strong>Pr\u00e9sidente : Annick DODIN<\/strong>  Profil Facebook Annick CI Sgdb  <a href=\"https:\/\/www.facebook.com\/cisgdb\">https:\/\/www.facebook.com\/cisgdb<\/a><\/p>\n\n\n\n<p>Tr\u00e9sorier : St\u00e9phane (Robotique\/Electronique, Codage, Mat\u00e9riel, &#8230;)<\/p>\n\n\n\n<p>Secr\u00e9taire : Thierry (Perfectionnement, 3D, Opensource, H\u00e9bergement)<\/p>\n\n\n\n<p><strong>COMPOSITION DU CONSEIL D\u2019ADMINISTRATION<\/strong> <\/p>\n\n\n\n<p>Jean-Claude (Retouche Photo &amp; 3D) ; Patrick (Bureautique) ; J\u00e9r\u00f4me (Perfectionnement) ; Guillaume (Codage &amp; Gaming)<\/p>\n\n\n\n<p>Nos autres <strong>BENEVOLES<\/strong> : Helmut M (Domotique &amp; internet) ; Christian (Robotique &amp; Electronique) ; Jean-Marc (Perfectionnement) ; Ronan (Smartphone Libre Office)<\/p>\n\n\n\n<p><em>(Une photo sympa prise en AG apr\u00e8s le Covid )<\/em><\/p>\n\n\n\n<figure class=\"wp-block-image size-large\"><a href=\"https:\/\/cisgdb.fr\/wp-content\/uploads\/2025\/08\/484717275_9485425771514009_3046989838359618789_n.jpg\"><img loading=\"lazy\" decoding=\"async\" width=\"1024\" height=\"768\" src=\"https:\/\/cisgdb.fr\/wp-content\/uploads\/2025\/08\/484717275_9485425771514009_3046989838359618789_n-1024x768.jpg\" alt=\"\" class=\"wp-image-2236\" srcset=\"http:\/\/cisgdb.fr\/wp-content\/uploads\/2025\/08\/484717275_9485425771514009_3046989838359618789_n-1024x768.jpg 1024w, http:\/\/cisgdb.fr\/wp-content\/uploads\/2025\/08\/484717275_9485425771514009_3046989838359618789_n-300x225.jpg 300w, http:\/\/cisgdb.fr\/wp-content\/uploads\/2025\/08\/484717275_9485425771514009_3046989838359618789_n-768x576.jpg 768w, http:\/\/cisgdb.fr\/wp-content\/uploads\/2025\/08\/484717275_9485425771514009_3046989838359618789_n-600x450.jpg 600w, http:\/\/cisgdb.fr\/wp-content\/uploads\/2025\/08\/484717275_9485425771514009_3046989838359618789_n-1536x1152.jpg 1536w, http:\/\/cisgdb.fr\/wp-content\/uploads\/2025\/08\/484717275_9485425771514009_3046989838359618789_n.jpg 2048w\" sizes=\"auto, (max-width: 1024px) 100vw, 1024px\" \/><\/a><\/figure>\n\n\n\n<p><strong>Le Club Informatique de Sainte-Genevi\u00e8ve-des-Bois recrute des b\u00e9n\u00e9voles !<\/strong><\/p>\n\n\n\n<p>Vous avez des comp\u00e9tences en informatique ou simplement l\u2019envie de partager votre passion ? Rejoignez notre \u00e9quipe de b\u00e9n\u00e9voles et participez \u00e0 la vie de notre club !<\/p>\n\n\n\n<p>Que vous soyez expert en bureautique, en programmation, en montage photo\/vid\u00e9o ou simplement motiv\u00e9 pour aider les autres, votre contribution est pr\u00e9cieuse. Ensemble, nous organisons des ateliers, des sessions de d\u00e9couverte et des moments d\u2019\u00e9change pour tous les niveaux.<\/p>\n\n\n\n<p><strong>Pourquoi nous rejoindre ?<\/strong>  Partager vos connaissances et apprendre des autres \/ Participer \u00e0 des projets stimulants \/ Rencontrer des passionn\u00e9s d\u2019informatique \/ Contribuer \u00e0 la vie locale<\/p>\n\n\n\n<figure class=\"wp-block-gallery has-nested-images columns-default is-cropped wp-block-gallery-1 is-layout-flex wp-block-gallery-is-layout-flex\">\n<figure class=\"wp-block-image size-large\"><a href=\"https:\/\/cisgdb.fr\/wp-content\/uploads\/2025\/08\/484860929_1092679822898362_4183625547390625866_n.jpg\"><img loading=\"lazy\" decoding=\"async\" width=\"940\" height=\"788\" data-id=\"2325\" src=\"https:\/\/cisgdb.fr\/wp-content\/uploads\/2025\/08\/484860929_1092679822898362_4183625547390625866_n.jpg\" alt=\"\" class=\"wp-image-2325\" srcset=\"http:\/\/cisgdb.fr\/wp-content\/uploads\/2025\/08\/484860929_1092679822898362_4183625547390625866_n.jpg 940w, http:\/\/cisgdb.fr\/wp-content\/uploads\/2025\/08\/484860929_1092679822898362_4183625547390625866_n-300x251.jpg 300w, http:\/\/cisgdb.fr\/wp-content\/uploads\/2025\/08\/484860929_1092679822898362_4183625547390625866_n-768x644.jpg 768w\" sizes=\"auto, (max-width: 940px) 100vw, 940px\" \/><\/a><\/figure>\n\n\n\n<figure class=\"wp-block-image size-large\"><a href=\"https:\/\/cisgdb.fr\/wp-content\/uploads\/2025\/08\/484333566_1093295639503447_3247816270808223772_n.jpg\"><img loading=\"lazy\" decoding=\"async\" width=\"940\" height=\"788\" data-id=\"2326\" src=\"https:\/\/cisgdb.fr\/wp-content\/uploads\/2025\/08\/484333566_1093295639503447_3247816270808223772_n.jpg\" alt=\"\" class=\"wp-image-2326\" srcset=\"http:\/\/cisgdb.fr\/wp-content\/uploads\/2025\/08\/484333566_1093295639503447_3247816270808223772_n.jpg 940w, http:\/\/cisgdb.fr\/wp-content\/uploads\/2025\/08\/484333566_1093295639503447_3247816270808223772_n-300x251.jpg 300w, http:\/\/cisgdb.fr\/wp-content\/uploads\/2025\/08\/484333566_1093295639503447_3247816270808223772_n-768x644.jpg 768w\" sizes=\"auto, (max-width: 940px) 100vw, 940px\" \/><\/a><\/figure>\n\n\n\n<figure class=\"wp-block-image size-large\"><a href=\"https:\/\/cisgdb.fr\/wp-content\/uploads\/2025\/08\/485739671_1093295636170114_6131072869490506054_n.jpg\"><img loading=\"lazy\" decoding=\"async\" width=\"940\" height=\"788\" data-id=\"2327\" src=\"https:\/\/cisgdb.fr\/wp-content\/uploads\/2025\/08\/485739671_1093295636170114_6131072869490506054_n.jpg\" alt=\"\" class=\"wp-image-2327\" srcset=\"http:\/\/cisgdb.fr\/wp-content\/uploads\/2025\/08\/485739671_1093295636170114_6131072869490506054_n.jpg 940w, http:\/\/cisgdb.fr\/wp-content\/uploads\/2025\/08\/485739671_1093295636170114_6131072869490506054_n-300x251.jpg 300w, http:\/\/cisgdb.fr\/wp-content\/uploads\/2025\/08\/485739671_1093295636170114_6131072869490506054_n-768x644.jpg 768w\" sizes=\"auto, (max-width: 940px) 100vw, 940px\" \/><\/a><\/figure>\n\n\n\n<figure class=\"wp-block-image size-large\"><a href=\"https:\/\/cisgdb.fr\/wp-content\/uploads\/2025\/08\/484624330_1093330589499952_3689280157018040820_n.jpg\"><img loading=\"lazy\" decoding=\"async\" width=\"940\" height=\"788\" data-id=\"2328\" src=\"https:\/\/cisgdb.fr\/wp-content\/uploads\/2025\/08\/484624330_1093330589499952_3689280157018040820_n.jpg\" alt=\"\" class=\"wp-image-2328\" srcset=\"http:\/\/cisgdb.fr\/wp-content\/uploads\/2025\/08\/484624330_1093330589499952_3689280157018040820_n.jpg 940w, http:\/\/cisgdb.fr\/wp-content\/uploads\/2025\/08\/484624330_1093330589499952_3689280157018040820_n-300x251.jpg 300w, http:\/\/cisgdb.fr\/wp-content\/uploads\/2025\/08\/484624330_1093330589499952_3689280157018040820_n-768x644.jpg 768w\" sizes=\"auto, (max-width: 940px) 100vw, 940px\" \/><\/a><\/figure>\n\n\n\n<figure class=\"wp-block-image size-large\"><a href=\"https:\/\/cisgdb.fr\/wp-content\/uploads\/2025\/08\/484837773_1093765979456413_1108870678986576959_n-1.jpg\"><img loading=\"lazy\" decoding=\"async\" width=\"940\" height=\"788\" data-id=\"2329\" src=\"https:\/\/cisgdb.fr\/wp-content\/uploads\/2025\/08\/484837773_1093765979456413_1108870678986576959_n-1.jpg\" alt=\"\" class=\"wp-image-2329\" srcset=\"http:\/\/cisgdb.fr\/wp-content\/uploads\/2025\/08\/484837773_1093765979456413_1108870678986576959_n-1.jpg 940w, http:\/\/cisgdb.fr\/wp-content\/uploads\/2025\/08\/484837773_1093765979456413_1108870678986576959_n-1-300x251.jpg 300w, http:\/\/cisgdb.fr\/wp-content\/uploads\/2025\/08\/484837773_1093765979456413_1108870678986576959_n-1-768x644.jpg 768w\" sizes=\"auto, (max-width: 940px) 100vw, 940px\" \/><\/a><\/figure>\n\n\n\n<figure class=\"wp-block-image size-large\"><a href=\"https:\/\/cisgdb.fr\/wp-content\/uploads\/2025\/08\/485036642_1093784536121224_2036913746935459769_n.jpg\"><img loading=\"lazy\" decoding=\"async\" width=\"940\" height=\"788\" data-id=\"2331\" src=\"https:\/\/cisgdb.fr\/wp-content\/uploads\/2025\/08\/485036642_1093784536121224_2036913746935459769_n.jpg\" alt=\"\" class=\"wp-image-2331\" srcset=\"http:\/\/cisgdb.fr\/wp-content\/uploads\/2025\/08\/485036642_1093784536121224_2036913746935459769_n.jpg 940w, http:\/\/cisgdb.fr\/wp-content\/uploads\/2025\/08\/485036642_1093784536121224_2036913746935459769_n-300x251.jpg 300w, http:\/\/cisgdb.fr\/wp-content\/uploads\/2025\/08\/485036642_1093784536121224_2036913746935459769_n-768x644.jpg 768w\" sizes=\"auto, (max-width: 940px) 100vw, 940px\" \/><\/a><\/figure>\n<\/figure>\n","protected":false},"excerpt":{"rendered":"<p>Pr\u00e9sidente : Annick DODIN Profil Facebook Annick CI Sgdb https:\/\/www.facebook.com\/cisgdb Tr\u00e9sorier : St\u00e9phane (Robotique\/Electronique, Codage, Mat\u00e9riel, &#8230;) Secr\u00e9taire : Thierry (Perfectionnement, 3D, Opensource, H\u00e9bergement) COMPOSITION DU CONSEIL D\u2019ADMINISTRATION Jean-Claude (Retouche Photo &amp; 3D) ; Patrick (Bureautique) ; J\u00e9r\u00f4me (Perfectionnement) ; Guillaume (Codage &amp; Gaming) Nos autres BENEVOLES : Helmut M (Domotique &amp; internet) ; Christian [&hellip;]<\/p>\n","protected":false},"author":1,"featured_media":0,"parent":0,"menu_order":0,"comment_status":"closed","ping_status":"open","template":"","meta":{"_s2mail":"yes","footnotes":""},"class_list":["post-12","page","type-page","status-publish","hentry"],"_links":{"self":[{"href":"http:\/\/cisgdb.fr\/index.php?rest_route=\/wp\/v2\/pages\/12","targetHints":{"allow":["GET"]}}],"collection":[{"href":"http:\/\/cisgdb.fr\/index.php?rest_route=\/wp\/v2\/pages"}],"about":[{"href":"http:\/\/cisgdb.fr\/index.php?rest_route=\/wp\/v2\/types\/page"}],"author":[{"embeddable":true,"href":"http:\/\/cisgdb.fr\/index.php?rest_route=\/wp\/v2\/users\/1"}],"replies":[{"embeddable":true,"href":"http:\/\/cisgdb.fr\/index.php?rest_route=%2Fwp%2Fv2%2Fcomments&post=12"}],"version-history":[{"count":28,"href":"http:\/\/cisgdb.fr\/index.php?rest_route=\/wp\/v2\/pages\/12\/revisions"}],"predecessor-version":[{"id":2332,"href":"http:\/\/cisgdb.fr\/index.php?rest_route=\/wp\/v2\/pages\/12\/revisions\/2332"}],"wp:attachment":[{"href":"http:\/\/cisgdb.fr\/index.php?rest_route=%2Fwp%2Fv2%2Fmedia&parent=12"}],"curies":[{"name":"wp","href":"https:\/\/api.w.org\/{rel}","templated":true}]}}