{"id":1354,"date":"2018-01-25T16:35:58","date_gmt":"2018-01-25T15:35:58","guid":{"rendered":"http:\/\/cisgdb.fr\/?page_id=1354"},"modified":"2025-08-21T22:54:12","modified_gmt":"2025-08-21T21:54:12","slug":"initiation-du-samedi","status":"publish","type":"page","link":"http:\/\/cisgdb.fr\/?page_id=1354","title":{"rendered":"INITIATION (samedi)"},"content":{"rendered":"<h3 style=\"text-align: center;\">LES COURS D&#8217;INITIATION &amp; INTERNET<\/h3>\n<h3 style=\"text-align: center;\">UN SAMEDI SUR DEUX DE 14H00 A 15H15<\/h3>\n<p>Initiation \u00e0 l&#8217;Informatique et D\u00e9couverte de l&#8217;Internet&#8221;. Cet atelier est con\u00e7u pour vous initier aux bases de l&#8217;informatique et vous aider \u00e0 naviguer en toute s\u00e9curit\u00e9 sur internet. Les sessions se d\u00e9rouleront dans une ambiance conviviale autour d&#8217;un bon caf\u00e9 ou d&#8217;un th\u00e9.<\/p>\n<h3>Pr\u00e9sentation de l&#8217;atelier<\/h3>\n<p><strong>Dur\u00e9e :<\/strong> 6 mois de septembre \u00e0 mars <strong>Fr\u00e9quence :<\/strong> tous les 2 samedis<\/p>\n<h3>Objectifs de l&#8217;atelier<\/h3>\n<p>Cet atelier a pour objectif de vous fournir les comp\u00e9tences de base en informatique et de vous familiariser avec l&#8217;utilisation de l&#8217;internet. Vous apprendrez \u00e0 utiliser les outils informatiques de mani\u00e8re efficace et s\u00e9curis\u00e9e, tout en d\u00e9couvrant les nombreuses possibilit\u00e9s offertes par le web.<\/p>\n<h3>Programme de l&#8217;atelier<\/h3>\n<h4>Mois 1 : Introduction \u00e0 l&#8217;informatique<\/h4>\n<ul>\n<li>D\u00e9couverte des \u00e9l\u00e9ments de l&#8217;ordinateur.<\/li>\n<li>Installation et utilisation des logiciels de base.<\/li>\n<li>Initiation aux syst\u00e8mes d&#8217;exploitation (Windows).<\/li>\n<\/ul>\n<h4>Mois 2 : Navigation sur internet<\/h4>\n<ul>\n<li>Introduction aux navigateurs web (Google Chrome, Firefox, Safari).<\/li>\n<li>Recherche d&#8217;informations en ligne.<\/li>\n<li>Utilisation des moteurs de recherche (Google, Bing).<\/li>\n<\/ul>\n<h4>Mois 3 : S\u00e9curit\u00e9 sur internet<\/h4>\n<ul>\n<li>Sensibilisation aux dangers d&#8217;internet (phishing, malwares, etc.).<\/li>\n<li>Protection des donn\u00e9es personnelles.<\/li>\n<li>Utilisation des antivirus et des pare-feu.<\/li>\n<\/ul>\n<h4>Mois 4 : Communication en ligne<\/h4>\n<ul>\n<li>Utilisation des messageries \u00e9lectroniques (Gmail, Outlook).<\/li>\n<li>Introduction aux r\u00e9seaux sociaux (Facebook, Twitter, Instagram).<\/li>\n<li>Communication s\u00e9curis\u00e9e et respect de la vie priv\u00e9e.<\/li>\n<\/ul>\n<h4>Mois 5 : Utilisation des logiciels de bureautique<\/h4>\n<ul>\n<li>Apprentissage des logiciels de traitement de texte (Word, LibreOffice Writer).<\/li>\n<li>Utilisation des tableurs (Excel, LibreOffice Calc).<\/li>\n<li>Cr\u00e9ation de pr\u00e9sentations (PowerPoint, LibreOffice Impress).<\/li>\n<\/ul>\n<h4>Mois 6 : Projets pratiques et consolidation des connaissances<\/h4>\n<ul>\n<li>R\u00e9vision des concepts abord\u00e9s.<\/li>\n<li>\u00c9valuation des comp\u00e9tences acquises.<\/li>\n<\/ul>\n<h3>Pourquoi participer ?<\/h3>\n<p>Cet atelier est une excellente opportunit\u00e9 pour acqu\u00e9rir des comp\u00e9tences essentielles en informatique et en navigation sur internet. Que vous soyez d\u00e9butant ou que vous souhaitiez approfondir vos connaissances, vous trouverez des informations utiles et pertinentes.<\/p>\n<h3>Inscription<\/h3>\n<p>UNIQUEMENT A LA FETE DES ASSOCIATIONS<\/p>\n","protected":false},"excerpt":{"rendered":"<p>LES COURS D&#8217;INITIATION &amp; INTERNET UN SAMEDI SUR DEUX DE 14H00 A 15H15 Initiation \u00e0 l&#8217;Informatique et D\u00e9couverte de l&#8217;Internet&#8221;. Cet atelier est con\u00e7u pour vous initier aux bases de l&#8217;informatique et vous aider \u00e0 naviguer en toute s\u00e9curit\u00e9 sur internet. Les sessions se d\u00e9rouleront dans une ambiance conviviale autour d&#8217;un bon caf\u00e9 ou d&#8217;un [&hellip;]<\/p>\n","protected":false},"author":1,"featured_media":0,"parent":0,"menu_order":0,"comment_status":"closed","ping_status":"closed","template":"","meta":{"_s2mail":"yes","footnotes":""},"class_list":["post-1354","page","type-page","status-publish","hentry"],"_links":{"self":[{"href":"http:\/\/cisgdb.fr\/index.php?rest_route=\/wp\/v2\/pages\/1354","targetHints":{"allow":["GET"]}}],"collection":[{"href":"http:\/\/cisgdb.fr\/index.php?rest_route=\/wp\/v2\/pages"}],"about":[{"href":"http:\/\/cisgdb.fr\/index.php?rest_route=\/wp\/v2\/types\/page"}],"author":[{"embeddable":true,"href":"http:\/\/cisgdb.fr\/index.php?rest_route=\/wp\/v2\/users\/1"}],"replies":[{"embeddable":true,"href":"http:\/\/cisgdb.fr\/index.php?rest_route=%2Fwp%2Fv2%2Fcomments&post=1354"}],"version-history":[{"count":11,"href":"http:\/\/cisgdb.fr\/index.php?rest_route=\/wp\/v2\/pages\/1354\/revisions"}],"predecessor-version":[{"id":2270,"href":"http:\/\/cisgdb.fr\/index.php?rest_route=\/wp\/v2\/pages\/1354\/revisions\/2270"}],"wp:attachment":[{"href":"http:\/\/cisgdb.fr\/index.php?rest_route=%2Fwp%2Fv2%2Fmedia&parent=1354"}],"curies":[{"name":"wp","href":"https:\/\/api.w.org\/{rel}","templated":true}]}}