{"id":154,"date":"2015-08-11T12:03:11","date_gmt":"2015-08-11T11:03:11","guid":{"rendered":"http:\/\/cisgdb.fr\/?page_id=154"},"modified":"2025-09-10T14:17:01","modified_gmt":"2025-09-10T13:17:01","slug":"bureautique","status":"publish","type":"page","link":"http:\/\/cisgdb.fr\/?page_id=154","title":{"rendered":"Bureautique et perfectionnement"},"content":{"rendered":"<h1 style=\"text-align: center;\"><strong>BUREAUTIQUE &amp; PERFECTIONNEMENT<br \/>\n<\/strong><\/h1>\n<h3 style=\"text-align: center;\">MERCI DE VOUS RENSEIGNER LORS DE LA FETE DES ASSOCIATIONS DEBUT SEPTEMBRE A NOTRE STAND<\/h3>\n<p><a href=\"http:\/\/cisgdb.fr\/wp-content\/uploads\/2015\/08\/2656.jpg\"><img loading=\"lazy\" decoding=\"async\" class=\"wp-image-167 aligncenter\" src=\"http:\/\/cisgdb.fr\/wp-content\/uploads\/2015\/08\/2656-300x146.jpg\" alt=\"2656\" width=\"370\" height=\"180\" srcset=\"http:\/\/cisgdb.fr\/wp-content\/uploads\/2015\/08\/2656-300x146.jpg 300w, http:\/\/cisgdb.fr\/wp-content\/uploads\/2015\/08\/2656-1024x497.jpg 1024w, http:\/\/cisgdb.fr\/wp-content\/uploads\/2015\/08\/2656-600x291.jpg 600w, http:\/\/cisgdb.fr\/wp-content\/uploads\/2015\/08\/2656.jpg 1276w\" sizes=\"auto, (max-width: 370px) 100vw, 370px\" \/><\/a><\/p>\n<h3 style=\"text-align: center;\">15\u20ac d&#8217;adh\u00e9sion + 65\u20ac\/trimestre<\/h3>\n<p>Cet atelier est con\u00e7u pour vous aider \u00e0 approfondir vos comp\u00e9tences en informatique et \u00e0 ma\u00eetriser des outils et des techniques avanc\u00e9es<\/p>\n<p>2025\/2026 : 2 GROUPES POSSIBLES : LUNDI OU MARDI MATIN<\/p>\n<p>Groupe de 4 ou 5 personnes seulement pour un meilleur apprentissage.<\/p>\n<h3>Objectifs de l&#8217;atelier<\/h3>\n<p>Cet atelier a pour objectif de vous permettre de perfectionner vos comp\u00e9tences en informatique, de ma\u00eetriser des outils avanc\u00e9s et de vous familiariser avec les derni\u00e8res technologies. Vous apprendrez \u00e0 utiliser les outils informatiques de mani\u00e8re efficace et s\u00e9curis\u00e9e, tout en d\u00e9couvrant les nombreuses possibilit\u00e9s offertes par les technologies modernes.<\/p>\n<h3>Programme de l&#8217;atelier<\/h3>\n<h4>Optimisation sa gestion des fichiers et dossiers<\/h4>\n<ul>\n<li>Cr\u00e9er des dossiers<\/li>\n<li>G\u00e9rer ses fichiers<\/li>\n<li>Sauvegarder ses donn\u00e9es<\/li>\n<\/ul>\n<h4>Optimisation sa messagerie<\/h4>\n<ul>\n<li>Envoyer des fichiers \u00e0 un groupe de personnes<\/li>\n<li>Trier ses messages<\/li>\n<li>V\u00e9rifier ses ind\u00e9sirables<\/li>\n<\/ul>\n<h4>Avanc\u00e9es en bureautique<\/h4>\n<ul>\n<li>Utilisation avanc\u00e9e des logiciels de traitement de texte (Word, LibreOffice Writer).<\/li>\n<li>Techniques avanc\u00e9es de tableurs (Excel, LibreOffice Calc).<\/li>\n<li>Cr\u00e9ation de pr\u00e9sentations professionnelles (PowerPoint, LibreOffice Impress).<\/li>\n<\/ul>\n<h3>Inscription<\/h3>\n<p>UNIQUEMENT A LA FETE DES ASSOCIATIONS<\/p>\n","protected":false},"excerpt":{"rendered":"<p>BUREAUTIQUE &amp; PERFECTIONNEMENT MERCI DE VOUS RENSEIGNER LORS DE LA FETE DES ASSOCIATIONS DEBUT SEPTEMBRE A NOTRE STAND 15\u20ac d&#8217;adh\u00e9sion + 65\u20ac\/trimestre Cet atelier est con\u00e7u pour vous aider \u00e0 approfondir vos comp\u00e9tences en informatique et \u00e0 ma\u00eetriser des outils et des techniques avanc\u00e9es 2025\/2026 : 2 GROUPES POSSIBLES : LUNDI OU MARDI MATIN Groupe [&hellip;]<\/p>\n","protected":false},"author":1,"featured_media":0,"parent":0,"menu_order":0,"comment_status":"closed","ping_status":"open","template":"","meta":{"_s2mail":"yes","footnotes":""},"class_list":["post-154","page","type-page","status-publish","hentry"],"_links":{"self":[{"href":"http:\/\/cisgdb.fr\/index.php?rest_route=\/wp\/v2\/pages\/154","targetHints":{"allow":["GET"]}}],"collection":[{"href":"http:\/\/cisgdb.fr\/index.php?rest_route=\/wp\/v2\/pages"}],"about":[{"href":"http:\/\/cisgdb.fr\/index.php?rest_route=\/wp\/v2\/types\/page"}],"author":[{"embeddable":true,"href":"http:\/\/cisgdb.fr\/index.php?rest_route=\/wp\/v2\/users\/1"}],"replies":[{"embeddable":true,"href":"http:\/\/cisgdb.fr\/index.php?rest_route=%2Fwp%2Fv2%2Fcomments&post=154"}],"version-history":[{"count":16,"href":"http:\/\/cisgdb.fr\/index.php?rest_route=\/wp\/v2\/pages\/154\/revisions"}],"predecessor-version":[{"id":2425,"href":"http:\/\/cisgdb.fr\/index.php?rest_route=\/wp\/v2\/pages\/154\/revisions\/2425"}],"wp:attachment":[{"href":"http:\/\/cisgdb.fr\/index.php?rest_route=%2Fwp%2Fv2%2Fmedia&parent=154"}],"curies":[{"name":"wp","href":"https:\/\/api.w.org\/{rel}","templated":true}]}}