{"id":1565,"date":"2018-09-25T14:23:05","date_gmt":"2018-09-25T13:23:05","guid":{"rendered":"http:\/\/cisgdb.fr\/?page_id=1565"},"modified":"2018-10-16T15:55:12","modified_gmt":"2018-10-16T14:55:12","slug":"rgpd","status":"publish","type":"page","link":"http:\/\/cisgdb.fr\/?page_id=1565","title":{"rendered":"RGPD"},"content":{"rendered":"<h2 style=\"text-align: center;\">LE CLUB INFORMATIQUE PREND SOIN DE VOS DONNEES<\/h2>\n<p>&nbsp;<\/p>\n<p><strong><em>LA NAVIGATION SUR NOTRE SITE<\/em><\/strong><\/p>\n<p>Nous utilisons diff\u00e9rentes technologies, telles que les cookies, pour personnaliser les contenus mais nous ne les utilisons pas \u00e0 des fins publicitaires.<\/p>\n<p>Cela nous permet de proposer des fonctionnalit\u00e9s sur les r\u00e9seaux sociaux et analyser le trafic.<\/p>\n<h4>Vous pouvez changer d\u2019avis et modifier vos choix \u00e0 tout moment.<\/h4>\n<p><em><strong>L\u2019ADHESION OU LA PARTICIPATION A NOS EVENEMENTS<\/strong><\/em><\/p>\n<p>Lors de votre adh\u00e9sion au Club, ou lors de votre venue \u00e0 nos ateliers, vous avez d\u00fb nous fournir des informations personnelles.<\/p>\n<p><strong>Ces informations ne sont r\u00e9colt\u00e9es que pour l\u2019association et ne sont vendus \u00e0 aucun tiers.<\/strong><\/p>\n<p>Les informations recueillies sont n\u00e9cessaires pour votre adh\u00e9sion\/participation \u00e0 un atelier. Elles font l\u2019objet d\u2019un traitement informatique et sont destin\u00e9es au secr\u00e9tariat de l\u2019association. En application des articles 39 et suivants de la loi du 6 janvier 1978 modifi\u00e9e, vous b\u00e9n\u00e9ficiez d\u2019un droit d\u2019acc\u00e8s et de rectification aux informations qui vous concernent.<\/p>\n<p>Dans le cadre de la R\u00e9glementation G\u00e9n\u00e9rale des Donn\u00e9es Personnelles, si vous souhaitez exercer ce droit et obtenir communication des informations vous concernant, veuillez vous adresser \u00e0 <a href=\"mailto:contact@cisgdb.fr\" target=\"_blank\" rel=\"noopener noreferrer\">contact@cisgdb.fr<\/a><\/p>\n<p>L\u2019association \u00ab CISGDB \u00bb s\u2019engage \u00e0 vous r\u00e9pondre dans les meilleurs d\u00e9lais (&lt; 1 mois).<\/p>\n<p>En savoir plus sur la R\u00e9glementation G\u00e9n\u00e9rale de la Protection des Donn\u00e9es :<a href=\"http:\/\/www.leschahuteuses.fr\/rgpd\/les-droits-pour-maitriser-vos-donnees-personnelles\" target=\"_blank\" rel=\"noopener noreferrer\"> https:\/\/elections.cnil.fr\/fr\/les-droits-pour-maitriser-vos-donnees-personnelles<\/a><\/p>\n","protected":false},"excerpt":{"rendered":"<p>LE CLUB INFORMATIQUE PREND SOIN DE VOS DONNEES &nbsp; LA NAVIGATION SUR NOTRE SITE Nous utilisons diff\u00e9rentes technologies, telles que les cookies, pour personnaliser les contenus mais nous ne les utilisons pas \u00e0 des fins publicitaires. Cela nous permet de proposer des fonctionnalit\u00e9s sur les r\u00e9seaux sociaux et analyser le trafic. Vous pouvez changer d\u2019avis [&hellip;]<\/p>\n","protected":false},"author":1,"featured_media":0,"parent":0,"menu_order":0,"comment_status":"closed","ping_status":"closed","template":"","meta":{"_s2mail":"","footnotes":""},"class_list":["post-1565","page","type-page","status-publish","hentry"],"_links":{"self":[{"href":"http:\/\/cisgdb.fr\/index.php?rest_route=\/wp\/v2\/pages\/1565","targetHints":{"allow":["GET"]}}],"collection":[{"href":"http:\/\/cisgdb.fr\/index.php?rest_route=\/wp\/v2\/pages"}],"about":[{"href":"http:\/\/cisgdb.fr\/index.php?rest_route=\/wp\/v2\/types\/page"}],"author":[{"embeddable":true,"href":"http:\/\/cisgdb.fr\/index.php?rest_route=\/wp\/v2\/users\/1"}],"replies":[{"embeddable":true,"href":"http:\/\/cisgdb.fr\/index.php?rest_route=%2Fwp%2Fv2%2Fcomments&post=1565"}],"version-history":[{"count":3,"href":"http:\/\/cisgdb.fr\/index.php?rest_route=\/wp\/v2\/pages\/1565\/revisions"}],"predecessor-version":[{"id":1655,"href":"http:\/\/cisgdb.fr\/index.php?rest_route=\/wp\/v2\/pages\/1565\/revisions\/1655"}],"wp:attachment":[{"href":"http:\/\/cisgdb.fr\/index.php?rest_route=%2Fwp%2Fv2%2Fmedia&parent=1565"}],"curies":[{"name":"wp","href":"https:\/\/api.w.org\/{rel}","templated":true}]}}