{"id":2066,"date":"2022-10-11T13:41:31","date_gmt":"2022-10-11T12:41:31","guid":{"rendered":"https:\/\/cisgdb.fr\/?page_id=2066"},"modified":"2026-03-24T16:44:06","modified_gmt":"2026-03-24T15:44:06","slug":"les-evenements-du-club","status":"publish","type":"page","link":"http:\/\/cisgdb.fr\/?page_id=2066","title":{"rendered":"LES EVENEMENTS DU CLUB"},"content":{"rendered":"<div class=\"wp-block-image is-style-rounded\">\n<figure class=\"aligncenter size-large\"><a href=\"https:\/\/cisgdb.fr\/?page_id=1121\"><img loading=\"lazy\" decoding=\"async\" width=\"738\" height=\"240\" src=\"http:\/\/cisgdb.fr\/wp-content\/uploads\/2016\/10\/240_F_100811279_PleySq4uQIyhBePf6jSkxhSxLJzBXojm.jpg\" alt=\"\" class=\"wp-image-1138\" srcset=\"http:\/\/cisgdb.fr\/wp-content\/uploads\/2016\/10\/240_F_100811279_PleySq4uQIyhBePf6jSkxhSxLJzBXojm.jpg 738w, http:\/\/cisgdb.fr\/wp-content\/uploads\/2016\/10\/240_F_100811279_PleySq4uQIyhBePf6jSkxhSxLJzBXojm-300x98.jpg 300w, http:\/\/cisgdb.fr\/wp-content\/uploads\/2016\/10\/240_F_100811279_PleySq4uQIyhBePf6jSkxhSxLJzBXojm-600x195.jpg 600w\" sizes=\"auto, (max-width: 738px) 100vw, 738px\" \/><\/a><\/figure>\n<\/div>\n\n\n<hr class=\"wp-block-separator has-alpha-channel-opacity\"\/>\n\n\n\n<h2 class=\"wp-block-heading\">Les 2 prochains \u00e9v\u00e8nements<\/h2>\n\n\n<div class=\"em em-view-container\" id=\"em-view-76762164\" data-view=\"list\">\r\n\t<div class=\"em pixelbones em-list em-events-list\" id=\"em-events-list-76762164\" data-view-id=\"76762164\">\r\n\t<\/p>\n<table>\n<tr>\n<td style=\"text-align: center\"><img loading=\"lazy\" decoding=\"async\" width=\"147\" height=\"100\" src=\"http:\/\/cisgdb.fr\/wp-content\/uploads\/2025\/08\/repaircafe-150x102.png\" class=\"attachment-150x100 size-150x100 wp-post-image\" alt=\"REPAIR CAFE : r\u00e9parer du mat\u00e9riel\" \/><\/td>\n<td>\n<h3><a href=\"http:\/\/cisgdb.fr\/?event=repair-cafe-reparer-du-materiel\">REPAIR CAFE : r\u00e9parer du mat\u00e9riel<\/a><\/h3>\n<p>le 30\/05\/2026 \u00e0 15 h 30 min - 17 h 30 min au Club<br \/>\nPour r\u00e9server votre place, cliquer ici ==&gt; <a href=\"http:\/\/cisgdb.fr\/?event=repair-cafe-reparer-du-materiel\">REPAIR CAFE : r\u00e9parer du mat\u00e9riel<\/a>\n<\/td>\n<\/tr>\n<\/table>\n<p><\/p>\n<table>\n<tr>\n<td style=\"text-align: center\"><img loading=\"lazy\" decoding=\"async\" width=\"149\" height=\"100\" src=\"http:\/\/cisgdb.fr\/wp-content\/uploads\/2025\/08\/agenda_cisgdb-1-300x119-1-150x101.jpg\" class=\"attachment-150x100 size-150x100 wp-post-image\" alt=\"DAY-CLIC : Num\u00e9rique Responsable\" \/><\/td>\n<td>\n<h3><a href=\"http:\/\/cisgdb.fr\/?event=day-clic-numerique-responsable\">DAY-CLIC : Num\u00e9rique Responsable<\/a><\/h3>\n<p>le 13\/06\/2026 \u00e0 14 h 00 min - 15 h 30 min au Club<br \/>\nPour r\u00e9server votre place, cliquer ici ==&gt; <a href=\"http:\/\/cisgdb.fr\/?event=day-clic-numerique-responsable\">DAY-CLIC : Num\u00e9rique Responsable<\/a>\n<\/td>\n<\/tr>\n<\/table>\n<p>\t<\/div>\r\n<\/div>\n\n\n\n<pre class=\"wp-block-code\"><code>\nLES ATELIERS SUR L'ANNEE NE SONT PAS REPRESENTES ICI : \nInitiation (samedi), perfectionnement (Lundi et mardi), et photos (jeudi) - vous avez re\u00e7u les dates des cours lors de votre inscription.<\/code><\/pre>\n\n\n\n<p><strong><em>Les \u00e9v\u00e8nements pr\u00e9sent\u00e9s ici sont soumis \u00e0 inscription, \u00e0 cause de la limite de participants. Les inscriptions ce sont en dessous de la liste.<\/em><\/strong><\/p>\n\n\n\n<hr class=\"wp-block-separator has-alpha-channel-opacity\"\/>\n\n\n\n<p>Ann\u00e9e 2025\/2026 : dates et th\u00e8mes pr\u00e9visionelles<\/p>\n\n\n\n<p><strong>Day-Clic : Sessions de d\u00e9couverte sur un th\u00e8me<\/strong> <strong>(adh\u00e9rent-es)<\/strong> : Impression 3D : le 11\/10 \u00e0 14h00 \/ G\u00e9rer ses mots de passe : le 8\/11 \u00e0 14h00 \/ Logiciels Libres : le 15\/11 \u00e0 15h30 \/ Protection de ses donn\u00e9es : le 24\/1 \u00e0 15h30 \/ Intelligence Artificielle : le 31\/1 \u00e0 14h00 \/ Auto-h\u00e9bergement : le 14\/3 \u00e0 14h00 \/ Nettoyage Ordi, Mail : le 21\/3 \u00e0 15h30 \/ Sauvegarde de vos donn\u00e9es : le 11\/4 \u00e0 15h30 <\/p>\n\n\n\n<p><strong>Ordi&#8217;Caf\u00e9 (B\u00e9n\u00e9voles et passionn\u00e9-es adh\u00e9rent-es)<\/strong> : Cybers\u00e9curit\u00e9 : le 18\/10 \u00e0 10h00 \/ Intelligence Artificielle : le 21\/2 \u00e0 10h00 \/ Les femmes dans la tech : le 7\/3 \u00e0 10h00<\/p>\n\n\n\n<p><strong>2 Meet-tic : Portes ouvertes B\u00e9n\u00e9volat <\/strong>: le 20\/9 \u00e0 15h30 &#8211; le 13\/6 \u00e0 15h30<\/p>\n\n\n\n<p><strong>2 Repair&#8217;Caf\u00e9 : pour les Bricoleur-ses (adh\u00e9rent.es &amp; b\u00e9n\u00e9voles)<\/strong> : le 29\/11 \u00e0 15h30 &#8211; le 30\/5 \u00e0 14h00<\/p>\n\n\n\n<h2 class=\"wp-block-heading\">Tous les prochains \u00e9v\u00e8nements<\/h2>\n\n\n<div class=\"em em-view-container\" id=\"em-view-1984043675\" data-view=\"list\">\r\n\t<div class=\"em pixelbones em-list em-events-list\" id=\"em-events-list-1984043675\" data-view-id=\"1984043675\">\r\n\t<\/p>\n<table>\n<tr>\n<td style=\"text-align: center\"><img loading=\"lazy\" decoding=\"async\" width=\"147\" height=\"100\" src=\"http:\/\/cisgdb.fr\/wp-content\/uploads\/2025\/08\/repaircafe-150x102.png\" class=\"attachment-150x100 size-150x100 wp-post-image\" alt=\"REPAIR CAFE : r\u00e9parer du mat\u00e9riel\" \/><\/td>\n<td>\n<h3><a href=\"http:\/\/cisgdb.fr\/?event=repair-cafe-reparer-du-materiel\">REPAIR CAFE : r\u00e9parer du mat\u00e9riel<\/a> <\/h3>\n<p>le 30\/05\/2026 \u00e0 15 h 30 min - 17 h 30 min au Club<br \/>\nPour r\u00e9server votre place, cliquer ici ==&gt; <a href=\"http:\/\/cisgdb.fr\/?event=repair-cafe-reparer-du-materiel\">REPAIR CAFE : r\u00e9parer du mat\u00e9riel<\/a>\n<\/td>\n<\/tr>\n<\/table>\n<p><\/p>\n<table>\n<tr>\n<td style=\"text-align: center\"><img loading=\"lazy\" decoding=\"async\" width=\"149\" height=\"100\" src=\"http:\/\/cisgdb.fr\/wp-content\/uploads\/2025\/08\/agenda_cisgdb-1-300x119-1-150x101.jpg\" class=\"attachment-150x100 size-150x100 wp-post-image\" alt=\"DAY-CLIC : Num\u00e9rique Responsable\" \/><\/td>\n<td>\n<h3><a href=\"http:\/\/cisgdb.fr\/?event=day-clic-numerique-responsable\">DAY-CLIC : Num\u00e9rique Responsable<\/a> <\/h3>\n<p>le 13\/06\/2026 \u00e0 14 h 00 min - 15 h 30 min au Club<br \/>\nPour r\u00e9server votre place, cliquer ici ==&gt; <a href=\"http:\/\/cisgdb.fr\/?event=day-clic-numerique-responsable\">DAY-CLIC : Num\u00e9rique Responsable<\/a>\n<\/td>\n<\/tr>\n<\/table>\n<p><\/p>\n<table>\n<tr>\n<td style=\"text-align: center\"><img loading=\"lazy\" decoding=\"async\" width=\"133\" height=\"100\" src=\"http:\/\/cisgdb.fr\/wp-content\/uploads\/2025\/08\/meettic-150x113.jpg\" class=\"attachment-150x100 size-150x100 wp-post-image\" alt=\"MEETTIC  : Rencontrez votre passion, soutenez notre aventure !\" \/><\/td>\n<td>\n<h3><a href=\"http:\/\/cisgdb.fr\/?event=meettic-rencontrez-votre-passion-soutenez-notre-aventure-2\">MEETTIC  : Rencontrez votre passion, soutenez notre aventure !<\/a> <\/h3>\n<p>le 13\/06\/2026 \u00e0 15 h 30 min - 17 h 30 min au Club<br \/>\nPour r\u00e9server votre place, cliquer ici ==&gt; <a href=\"http:\/\/cisgdb.fr\/?event=meettic-rencontrez-votre-passion-soutenez-notre-aventure-2\">MEETTIC  : Rencontrez votre passion, soutenez notre aventure !<\/a>\n<\/td>\n<\/tr>\n<\/table>\n<p>\t<\/div>\r\n<\/div>\n\n\n\n<p><\/p>\n\n\n\n<p><\/p>\n","protected":false},"excerpt":{"rendered":"<p>Les 2 prochains \u00e9v\u00e8nements Les \u00e9v\u00e8nements pr\u00e9sent\u00e9s ici sont soumis \u00e0 inscription, \u00e0 cause de la limite de participants. Les inscriptions ce sont en dessous de la liste. Ann\u00e9e 2025\/2026 : dates et th\u00e8mes pr\u00e9visionelles Day-Clic : Sessions de d\u00e9couverte sur un th\u00e8me (adh\u00e9rent-es) : Impression 3D : le 11\/10 \u00e0 14h00 \/ G\u00e9rer ses [&hellip;]<\/p>\n","protected":false},"author":1,"featured_media":0,"parent":0,"menu_order":0,"comment_status":"closed","ping_status":"closed","template":"","meta":{"_s2mail":"yes","footnotes":""},"class_list":["post-2066","page","type-page","status-publish","hentry"],"_links":{"self":[{"href":"http:\/\/cisgdb.fr\/index.php?rest_route=\/wp\/v2\/pages\/2066","targetHints":{"allow":["GET"]}}],"collection":[{"href":"http:\/\/cisgdb.fr\/index.php?rest_route=\/wp\/v2\/pages"}],"about":[{"href":"http:\/\/cisgdb.fr\/index.php?rest_route=\/wp\/v2\/types\/page"}],"author":[{"embeddable":true,"href":"http:\/\/cisgdb.fr\/index.php?rest_route=\/wp\/v2\/users\/1"}],"replies":[{"embeddable":true,"href":"http:\/\/cisgdb.fr\/index.php?rest_route=%2Fwp%2Fv2%2Fcomments&post=2066"}],"version-history":[{"count":24,"href":"http:\/\/cisgdb.fr\/index.php?rest_route=\/wp\/v2\/pages\/2066\/revisions"}],"predecessor-version":[{"id":2460,"href":"http:\/\/cisgdb.fr\/index.php?rest_route=\/wp\/v2\/pages\/2066\/revisions\/2460"}],"wp:attachment":[{"href":"http:\/\/cisgdb.fr\/index.php?rest_route=%2Fwp%2Fv2%2Fmedia&parent=2066"}],"curies":[{"name":"wp","href":"https:\/\/api.w.org\/{rel}","templated":true}]}}