{"id":227,"date":"2015-08-11T15:27:36","date_gmt":"2015-08-11T14:27:36","guid":{"rendered":"http:\/\/cisgdb.fr\/?page_id=227"},"modified":"2025-08-25T10:53:13","modified_gmt":"2025-08-25T09:53:13","slug":"nos-prestations","status":"publish","type":"page","link":"http:\/\/cisgdb.fr\/?page_id=227","title":{"rendered":"Nos activit\u00e9s"},"content":{"rendered":"<h3 style=\"text-align: center;\"><span style=\"color: #000080;\">Trouvez l&#8217;activit\u00e9 qui vous convient le mieux :<\/span><\/h3>\n<h3>Vous \u00eates d\u00e9butant.e en informatique et vous voulez savoir utiliser un ordinateur :<\/h3>\n<h2 style=\"text-align: center;\">INITIATION &amp; INTERNET<\/h2>\n<p style=\"text-align: center;\"><a href=\"http:\/\/cisgdb.fr\/?page_id=94\">En savoir plus sur l&#8217;atelier Initiation &amp; Internet <\/a><\/p>\n<hr \/>\n<hr \/>\n<h3>Vous n&#8217;\u00eates pas d\u00e9butant.e, vous avez besoin d&#8217;en savoir plus sur les tableurs et\u00a0 les lettres :<\/h3>\n<h2 style=\"text-align: center;\">BUREAUTIQUE<\/h2>\n<p style=\"text-align: center;\"><a href=\"http:\/\/cisgdb.fr\/?page_id=154\">En savoir plus sur l&#8217;atelier Bureautique<\/a><\/p>\n<hr \/>\n<h3>Vous souhaitez retoucher des photos, les inventorier et cr\u00e9er des animations :<\/h3>\n<h2 style=\"text-align: center;\">\u00a0TRAVAUX PHOTOS NUMERIQUES<\/h2>\n<p style=\"text-align: center;\"><a href=\"http:\/\/cisgdb.fr\/?page_id=105\">En savoir plus sur l&#8217;atelier Photos Num\u00e9riques<\/a><\/p>\n<hr \/>\n<p style=\"text-align: center;\">\n<h3>Vous voulez am\u00e9liorer votre ordinateur :<\/h3>\n<h2 style=\"text-align: center;\">HARD &amp; SOFT<\/h2>\n<p style=\"text-align: center;\"><a href=\"http:\/\/cisgdb.fr\/?page_id=265\">En savoir plus sur l&#8217;atelier Hard et Soft<\/a><\/p>\n<hr \/>\n<h3>Vous voulez optimiser votre chauffage ou contr\u00f4ler votre maison vous-m\u00eame :<\/h3>\n<h2 style=\"text-align: center;\">DOMOTIQUE<\/h2>\n<p style=\"text-align: center;\"><a href=\"http:\/\/cisgdb.fr\/?page_id=261\">En savoir plus sur l&#8217;atelier Domotique<\/a><\/p>\n<hr \/>\n<h3>Vous voulez cr\u00e9er un objet en 3D :<\/h3>\n<h2 style=\"text-align: center;\">CREATION 3D<\/h2>\n<p style=\"text-align: center;\"><a href=\"http:\/\/cisgdb.fr\/?page_id=263\">En savoir plus sur l&#8217;atelier Cr\u00e9ation 3D<\/a><\/p>\n<hr \/>\n<h3>Vous avez besoin d&#8217;aide ou vous avez des questions sur l&#8217;utilisation d&#8217;un ordinateur ou d&#8217;un logiciel :<\/h3>\n<h2 style=\"text-align: center;\">SOUTIEN INDIVIDUEL<\/h2>\n<p style=\"text-align: center;\"><a href=\"http:\/\/cisgdb.fr\/?page_id=267\">En savoir plus sur les soutiens individuels<\/a><\/p>\n<hr \/>\n<h3>Vous voulez d\u00e9couvrir des astuces ou d\u00e9couvrir un logiciel :<\/h3>\n<h2 style=\"text-align: center;\">DAY-CLICS<\/h2>\n<p style=\"text-align: center;\"><a href=\"http:\/\/cisgdb.fr\/?page_id=269\">En savoir plus sur les Day-clics<\/a><\/p>\n<hr \/>\n<h3>Vous avez besoin d&#8217;un ordinateur, d&#8217;un acc\u00e8s internet, ou d&#8217;imprimer :<\/h3>\n<h2 style=\"text-align: center;\">ESPACE PUBLIC NUMERIQUE<\/h2>\n<p style=\"text-align: center;\"><a href=\"http:\/\/cisgdb.fr\/?page_id=272\">En savoir plus sur l&#8217;EPNE<\/a><\/p>\n<hr \/>\n<h3>Tu es un.e enfant.e de plus de 12 ans, et tu veux apprendre \u00e0 programmer :<\/h3>\n<h2 style=\"text-align: center;\">GENOVEKID\/CODE CLUB<\/h2>\n<p style=\"text-align: center;\"><a href=\"http:\/\/cisgdb.fr\/?page_id=493\">En savoir plus sur le Code Club<\/a><\/p>\n","protected":false},"excerpt":{"rendered":"<p>Trouvez l&#8217;activit\u00e9 qui vous convient le mieux : Vous \u00eates d\u00e9butant.e en informatique et vous voulez savoir utiliser un ordinateur : INITIATION &amp; INTERNET En savoir plus sur l&#8217;atelier Initiation &amp; Internet Vous n&#8217;\u00eates pas d\u00e9butant.e, vous avez besoin d&#8217;en savoir plus sur les tableurs et\u00a0 les lettres : BUREAUTIQUE En savoir plus sur l&#8217;atelier [&hellip;]<\/p>\n","protected":false},"author":1,"featured_media":0,"parent":0,"menu_order":0,"comment_status":"closed","ping_status":"closed","template":"","meta":{"_s2mail":"yes","footnotes":""},"class_list":["post-227","page","type-page","status-publish","hentry"],"_links":{"self":[{"href":"http:\/\/cisgdb.fr\/index.php?rest_route=\/wp\/v2\/pages\/227","targetHints":{"allow":["GET"]}}],"collection":[{"href":"http:\/\/cisgdb.fr\/index.php?rest_route=\/wp\/v2\/pages"}],"about":[{"href":"http:\/\/cisgdb.fr\/index.php?rest_route=\/wp\/v2\/types\/page"}],"author":[{"embeddable":true,"href":"http:\/\/cisgdb.fr\/index.php?rest_route=\/wp\/v2\/users\/1"}],"replies":[{"embeddable":true,"href":"http:\/\/cisgdb.fr\/index.php?rest_route=%2Fwp%2Fv2%2Fcomments&post=227"}],"version-history":[{"count":20,"href":"http:\/\/cisgdb.fr\/index.php?rest_route=\/wp\/v2\/pages\/227\/revisions"}],"predecessor-version":[{"id":2279,"href":"http:\/\/cisgdb.fr\/index.php?rest_route=\/wp\/v2\/pages\/227\/revisions\/2279"}],"wp:attachment":[{"href":"http:\/\/cisgdb.fr\/index.php?rest_route=%2Fwp%2Fv2%2Fmedia&parent=227"}],"curies":[{"name":"wp","href":"https:\/\/api.w.org\/{rel}","templated":true}]}}