{"id":263,"date":"2015-08-12T13:43:43","date_gmt":"2015-08-12T12:43:43","guid":{"rendered":"http:\/\/cisgdb.fr\/?page_id=263"},"modified":"2016-10-27T13:06:27","modified_gmt":"2016-10-27T12:06:27","slug":"creation-3d","status":"publish","type":"page","link":"http:\/\/cisgdb.fr\/?page_id=263","title":{"rendered":"Cr\u00e9ation 3D"},"content":{"rendered":"<h1 style=\"text-align: center;\"><strong>INITIATION A LA MODELISATION 3D<\/strong><\/h1>\n<h2 style=\"text-align: center;\">avec les logiciels Sketchup Make ou Blender.<\/h2>\n<h2 style=\"text-align: center;\"><span style=\"color: #ff6600;\">A LA DEMANDE : ADOPTE UN GEEK<\/span><\/h2>\n<p>Atelier destin\u00e9e aux personnes d\u00e9butantes (ou \u00e9ventuellement de niveau moyen) et ayant pour but la d\u00e9couverte des possibilit\u00e9s offertes par les logiciels de 3d actuels.<\/p>\n<p>Cet apprentissage vous permettra ensuite d&#8217;\u00eatre capable de r\u00e9aliser vos projets en ayant acquis les bases indispensables.<a href=\"http:\/\/cisgdb.fr\/wp-content\/uploads\/2015\/08\/unnamed.png\"><img loading=\"lazy\" decoding=\"async\" class=\"size-medium wp-image-443 aligncenter\" src=\"http:\/\/cisgdb.fr\/wp-content\/uploads\/2015\/08\/unnamed-288x300.png\" alt=\"unnamed\" width=\"288\" height=\"300\" srcset=\"http:\/\/cisgdb.fr\/wp-content\/uploads\/2015\/08\/unnamed-288x300.png 288w, http:\/\/cisgdb.fr\/wp-content\/uploads\/2015\/08\/unnamed-600x625.png 600w, http:\/\/cisgdb.fr\/wp-content\/uploads\/2015\/08\/unnamed.png 761w\" sizes=\"auto, (max-width: 288px) 100vw, 288px\" \/><\/a><\/p>\n<h3>Sommaire :<br \/>\n&#8211; concept de base de la 3d sur ordinateur,<br \/>\n&#8211; sources de documentation et tutoriaux en ligne,<br \/>\n&#8211; installation,<br \/>\n&#8211; d\u00e9couverte de l&#8217;interface du logiciel,<br \/>\n&#8211; premiers exemples de volumes ou espaces en 3d,<br \/>\n&#8211; mise en place de cam\u00e9ras et de sources de lumi\u00e8res,<br \/>\n&#8211; textures et mat\u00e9riaux, biblioth\u00e8ques,<br \/>\n&#8211; rendu image ou impression 3d<\/h3>\n<p><a href=\"http:\/\/cisgdb.fr\/wp-content\/uploads\/2016\/10\/donjon.png\"><img loading=\"lazy\" decoding=\"async\" class=\"wp-image-684 aligncenter\" src=\"http:\/\/cisgdb.fr\/wp-content\/uploads\/2016\/10\/donjon-300x158.png\" alt=\"donjon\" width=\"570\" height=\"300\" srcset=\"http:\/\/cisgdb.fr\/wp-content\/uploads\/2016\/10\/donjon-300x158.png 300w, http:\/\/cisgdb.fr\/wp-content\/uploads\/2016\/10\/donjon-768x405.png 768w, http:\/\/cisgdb.fr\/wp-content\/uploads\/2016\/10\/donjon-1024x540.png 1024w, http:\/\/cisgdb.fr\/wp-content\/uploads\/2016\/10\/donjon-600x316.png 600w, http:\/\/cisgdb.fr\/wp-content\/uploads\/2016\/10\/donjon.png 1481w\" sizes=\"auto, (max-width: 570px) 100vw, 570px\" \/><\/a><\/p>\n<p>Pr\u00e9-requis:<br \/>\nBases en informatique : utilisation Internet courante \/ connaissance format et arborescence des fichiers<\/p>\n<p>&nbsp;<\/p>\n","protected":false},"excerpt":{"rendered":"<p>INITIATION A LA MODELISATION 3D avec les logiciels Sketchup Make ou Blender. A LA DEMANDE : ADOPTE UN GEEK Atelier destin\u00e9e aux personnes d\u00e9butantes (ou \u00e9ventuellement de niveau moyen) et ayant pour but la d\u00e9couverte des possibilit\u00e9s offertes par les logiciels de 3d actuels. Cet apprentissage vous permettra ensuite d&#8217;\u00eatre capable de r\u00e9aliser vos projets [&hellip;]<\/p>\n","protected":false},"author":1,"featured_media":0,"parent":0,"menu_order":0,"comment_status":"closed","ping_status":"open","template":"","meta":{"_s2mail":"yes","footnotes":""},"class_list":["post-263","page","type-page","status-publish","hentry"],"_links":{"self":[{"href":"http:\/\/cisgdb.fr\/index.php?rest_route=\/wp\/v2\/pages\/263","targetHints":{"allow":["GET"]}}],"collection":[{"href":"http:\/\/cisgdb.fr\/index.php?rest_route=\/wp\/v2\/pages"}],"about":[{"href":"http:\/\/cisgdb.fr\/index.php?rest_route=\/wp\/v2\/types\/page"}],"author":[{"embeddable":true,"href":"http:\/\/cisgdb.fr\/index.php?rest_route=\/wp\/v2\/users\/1"}],"replies":[{"embeddable":true,"href":"http:\/\/cisgdb.fr\/index.php?rest_route=%2Fwp%2Fv2%2Fcomments&post=263"}],"version-history":[{"count":8,"href":"http:\/\/cisgdb.fr\/index.php?rest_route=\/wp\/v2\/pages\/263\/revisions"}],"predecessor-version":[{"id":820,"href":"http:\/\/cisgdb.fr\/index.php?rest_route=\/wp\/v2\/pages\/263\/revisions\/820"}],"wp:attachment":[{"href":"http:\/\/cisgdb.fr\/index.php?rest_route=%2Fwp%2Fv2%2Fmedia&parent=263"}],"curies":[{"name":"wp","href":"https:\/\/api.w.org\/{rel}","templated":true}]}}