{"id":267,"date":"2015-08-12T13:44:55","date_gmt":"2015-08-12T12:44:55","guid":{"rendered":"http:\/\/cisgdb.fr\/?page_id=267"},"modified":"2025-08-26T15:03:46","modified_gmt":"2025-08-26T14:03:46","slug":"soutien-individuel","status":"publish","type":"page","link":"http:\/\/cisgdb.fr\/?page_id=267","title":{"rendered":"Soutien Individuel"},"content":{"rendered":"<p><strong>Vous avez besoin d\u2019une aide ponctuelle ?<\/strong><\/p>\n<h4><strong>Le Club Informatique vous propose de vous aider dans la mesure de ces comp\u00e9tences \ud83d\ude09\u00a0 !<\/strong><\/h4>\n<p>Le soutien individuel consiste \u00e0 prendre rendez-vous avec un de nos b\u00e9n\u00e9voles afin de pouvoir vous d\u00e9panner sur divers sujets :<\/p>\n<ul>\n<li>une remise \u00e0 niveau sur un logiciel,<\/li>\n<li>une aide \u00e0 l&#8217;administration de son site internet<\/li>\n<li>des messages d&#8217;erreurs sur son ordinateur<\/li>\n<li>etc<\/li>\n<\/ul>\n<p>Pour y participer, il faut \u00eatre adh\u00e9rent (avoir payer une adh\u00e9sion de 15\u20ac). Vous pouvez alors prendre autant d&#8217;heure que vous le souhaitez. Cependant 2 ou 3 heures suffisent.<\/p>\n<p><strong>5 \u20ac de l&#8217;heure pour les 5 premi\u00e8res heures puis 10\u20ac de l&#8217;heure pour les suivantes.<\/strong><\/p>\n<p>Contactez-nous \u00e0 l\u2019adresse mail contact@<strong>cisgdb.fr <\/strong>avec vos coordonn\u00e9es et la liste vos demandes.<\/p>\n<p style=\"text-align: center;\"><strong>Besoin d&#8217;une aide ponctuelle ?<\/strong><\/p>\n<h4 style=\"text-align: center;\"><strong>Le Club Informatique vous propose de vous aider !<\/strong><\/h4>\n<pre><em>Tarifs:<\/em><\/pre>\n<pre><em>15\u20ac d'adh\u00e9sion + 5\u20ac\/h pour les 5 premi\u00e8res heures puis 10\u20ac\/h pour les heures suivantes.\n<span style=\"text-decoration: underline;\">La demande de contact via ce formulaire ne vous engage pas.<\/span><\/em><\/pre>\n","protected":false},"excerpt":{"rendered":"<p>Vous avez besoin d\u2019une aide ponctuelle ? Le Club Informatique vous propose de vous aider dans la mesure de ces comp\u00e9tences \ud83d\ude09\u00a0 ! Le soutien individuel consiste \u00e0 prendre rendez-vous avec un de nos b\u00e9n\u00e9voles afin de pouvoir vous d\u00e9panner sur divers sujets : une remise \u00e0 niveau sur un logiciel, une aide \u00e0 l&#8217;administration [&hellip;]<\/p>\n","protected":false},"author":1,"featured_media":0,"parent":0,"menu_order":0,"comment_status":"closed","ping_status":"open","template":"","meta":{"_s2mail":"yes","footnotes":""},"class_list":["post-267","page","type-page","status-publish","hentry"],"_links":{"self":[{"href":"http:\/\/cisgdb.fr\/index.php?rest_route=\/wp\/v2\/pages\/267","targetHints":{"allow":["GET"]}}],"collection":[{"href":"http:\/\/cisgdb.fr\/index.php?rest_route=\/wp\/v2\/pages"}],"about":[{"href":"http:\/\/cisgdb.fr\/index.php?rest_route=\/wp\/v2\/types\/page"}],"author":[{"embeddable":true,"href":"http:\/\/cisgdb.fr\/index.php?rest_route=\/wp\/v2\/users\/1"}],"replies":[{"embeddable":true,"href":"http:\/\/cisgdb.fr\/index.php?rest_route=%2Fwp%2Fv2%2Fcomments&post=267"}],"version-history":[{"count":9,"href":"http:\/\/cisgdb.fr\/index.php?rest_route=\/wp\/v2\/pages\/267\/revisions"}],"predecessor-version":[{"id":2346,"href":"http:\/\/cisgdb.fr\/index.php?rest_route=\/wp\/v2\/pages\/267\/revisions\/2346"}],"wp:attachment":[{"href":"http:\/\/cisgdb.fr\/index.php?rest_route=%2Fwp%2Fv2%2Fmedia&parent=267"}],"curies":[{"name":"wp","href":"https:\/\/api.w.org\/{rel}","templated":true}]}}