{"id":269,"date":"2015-08-12T13:45:21","date_gmt":"2015-08-12T12:45:21","guid":{"rendered":"http:\/\/cisgdb.fr\/?page_id=269"},"modified":"2025-08-26T12:13:23","modified_gmt":"2025-08-26T11:13:23","slug":"dayclics","status":"publish","type":"page","link":"http:\/\/cisgdb.fr\/?page_id=269","title":{"rendered":"DAYCLICS &#8211; Session de d\u00e9couverte"},"content":{"rendered":"<p>Les day-clics sont des s\u00e9ances d&#8217;une heure pour d\u00e9couvrir un logiciel, un site internet ou un d\u00e9bat d&#8217;actualit\u00e9.<\/p>\n<p>Le tarif pour un day-clic : <strong>Gratuit<\/strong><\/p>\n<p>Contactez-nous \u00e0 l\u2019adresse mail contact@cisgdb.fr\u00a0pour r\u00e9server car les places sont limit\u00e9es.<\/p>\n<h3><span style=\"color: #800000;\"><em>Date limite d\u2019inscription 2 jours avant la date du Day-Clic !<\/em><\/span><\/h3>\n<p>Rendez-vous \u00e0 la page de l&#8217;AGENDA<\/p>\n\n\n<div class=\"wp-block-buttons is-layout-flex wp-block-buttons-is-layout-flex\">\n<div class=\"wp-block-button\"><a class=\"wp-block-button__link wp-element-button\" href=\"https:\/\/cisgdb.fr\/?page_id=2066\">Allez \u00e0 l&#8217;AGENDA<\/a><\/div>\n<\/div>\n","protected":false},"excerpt":{"rendered":"<p>Les day-clics sont des s\u00e9ances d&#8217;une heure pour d\u00e9couvrir un logiciel, un site internet ou un d\u00e9bat d&#8217;actualit\u00e9. Le tarif pour un day-clic : Gratuit Contactez-nous \u00e0 l\u2019adresse mail contact@cisgdb.fr\u00a0pour r\u00e9server car les places sont limit\u00e9es. Date limite d\u2019inscription 2 jours avant la date du Day-Clic ! Rendez-vous \u00e0 la page de l&#8217;AGENDA<\/p>\n","protected":false},"author":1,"featured_media":0,"parent":0,"menu_order":0,"comment_status":"closed","ping_status":"closed","template":"","meta":{"_s2mail":"yes","footnotes":""},"class_list":["post-269","page","type-page","status-publish","hentry"],"_links":{"self":[{"href":"http:\/\/cisgdb.fr\/index.php?rest_route=\/wp\/v2\/pages\/269","targetHints":{"allow":["GET"]}}],"collection":[{"href":"http:\/\/cisgdb.fr\/index.php?rest_route=\/wp\/v2\/pages"}],"about":[{"href":"http:\/\/cisgdb.fr\/index.php?rest_route=\/wp\/v2\/types\/page"}],"author":[{"embeddable":true,"href":"http:\/\/cisgdb.fr\/index.php?rest_route=\/wp\/v2\/users\/1"}],"replies":[{"embeddable":true,"href":"http:\/\/cisgdb.fr\/index.php?rest_route=%2Fwp%2Fv2%2Fcomments&post=269"}],"version-history":[{"count":8,"href":"http:\/\/cisgdb.fr\/index.php?rest_route=\/wp\/v2\/pages\/269\/revisions"}],"predecessor-version":[{"id":2320,"href":"http:\/\/cisgdb.fr\/index.php?rest_route=\/wp\/v2\/pages\/269\/revisions\/2320"}],"wp:attachment":[{"href":"http:\/\/cisgdb.fr\/index.php?rest_route=%2Fwp%2Fv2%2Fmedia&parent=269"}],"curies":[{"name":"wp","href":"https:\/\/api.w.org\/{rel}","templated":true}]}}