{"id":648,"date":"2016-10-08T10:39:21","date_gmt":"2016-10-08T09:39:21","guid":{"rendered":"http:\/\/cisgdb.fr\/?page_id=648"},"modified":"2024-09-06T14:16:31","modified_gmt":"2024-09-06T13:16:31","slug":"nos-cours","status":"publish","type":"page","link":"http:\/\/cisgdb.fr\/?page_id=648","title":{"rendered":"Nos ateliers"},"content":{"rendered":"<h1 style=\"text-align: center;\"><strong><span style=\"color: #993366;\">INITIATION &amp; INTERNET<br \/><\/span><\/strong><\/h1>\n<h3 style=\"text-align: center;\">le samedi de 13h30 \u00e0 15h<em><br \/><\/em><\/h3>\n<p>Venez d\u00e9couvrir l&#8217;informatique, les premiers pas sur l&#8217;ordinateur et sur internet, g\u00e9rer sa messagerie et faire des recherches, .. pour en savoir plus, cliquer <a href=\"http:\/\/cisgdb.fr\/?page_id=94\">ici<\/a>.<\/p>\n<p><strong>une s\u00e9ance une semaine sur deux &#8211; d&#8217;octobre \u00e0 avril<\/strong><\/p>\n<hr \/>\n<h1 style=\"text-align: center;\"><strong>PERFECTIONNEMENT\/BUREAUTIQUE<\/strong><\/h1>\n<h3 style=\"text-align: center;\">le mardi de 10h00 \u00e0 12h<\/h3>\n<p><strong>une s\u00e9ance une semaine sur deux &#8211; d&#8217;octobre \u00e0 juin<\/strong><\/p>\n<hr \/><hr \/>\n<h1 style=\"text-align: center;\"><strong><span style=\"color: #666699;\">TRAVAUX SUR PHOTOS<\/span><\/strong><\/h1>\n<h3 style=\"text-align: center;\">le jeudi en deux groupes<\/h3>\n<p>Retoucher ces photos, faire des montages, des cartes d&#8217;anniversaire, des gifs anim\u00e9s avec PhotoFiltre, &#8230; pour en savoir plus, cliquer <a href=\"http:\/\/cisgdb.fr\/?page_id=105\">ici<\/a>.<\/p>\n<p><strong>une s\u00e9ance une semaine sur deux &#8211; d&#8217;octobre \u00e0 juin<\/strong><\/p>\n<hr \/>\n\n\n<h1 class=\"wp-block-heading has-text-align-center\"><strong>GENOVEKID<\/strong><\/h1>\n\n\n\n<h3 class=\"wp-block-heading\">Pour les enfants de 11 \u00e0 14 ans pdt les vacances scolaires<\/h3>\n\n\n\n<p>Game Maker, impression 3D, Robotique, Cybers\u00e9curit\u00e9 et codage, &#8230; pour en savoir plus, cliquer <a href=\"https:\/\/cisgdb.fr\/?page_id=1638\">ici<\/a>.<\/p>\n\n\n\n<p><strong>5 S\u00e9ances dans l&#8217;ann\u00e9e<\/strong> <strong>&#8211; d&#8217;octobre \u00e0 juin<\/strong><\/p>\n","protected":false},"excerpt":{"rendered":"<p>INITIATION &amp; INTERNET le samedi de 13h30 \u00e0 15h Venez d\u00e9couvrir l&#8217;informatique, les premiers pas sur l&#8217;ordinateur et sur internet, g\u00e9rer sa messagerie et faire des recherches, .. pour en savoir plus, cliquer ici. une s\u00e9ance une semaine sur deux &#8211; d&#8217;octobre \u00e0 avril PERFECTIONNEMENT\/BUREAUTIQUE le mardi de 10h00 \u00e0 12h une s\u00e9ance une semaine [&hellip;]<\/p>\n","protected":false},"author":1,"featured_media":0,"parent":0,"menu_order":0,"comment_status":"closed","ping_status":"closed","template":"","meta":{"_s2mail":"yes","footnotes":""},"class_list":["post-648","page","type-page","status-publish","hentry"],"_links":{"self":[{"href":"http:\/\/cisgdb.fr\/index.php?rest_route=\/wp\/v2\/pages\/648","targetHints":{"allow":["GET"]}}],"collection":[{"href":"http:\/\/cisgdb.fr\/index.php?rest_route=\/wp\/v2\/pages"}],"about":[{"href":"http:\/\/cisgdb.fr\/index.php?rest_route=\/wp\/v2\/types\/page"}],"author":[{"embeddable":true,"href":"http:\/\/cisgdb.fr\/index.php?rest_route=\/wp\/v2\/users\/1"}],"replies":[{"embeddable":true,"href":"http:\/\/cisgdb.fr\/index.php?rest_route=%2Fwp%2Fv2%2Fcomments&post=648"}],"version-history":[{"count":14,"href":"http:\/\/cisgdb.fr\/index.php?rest_route=\/wp\/v2\/pages\/648\/revisions"}],"predecessor-version":[{"id":2183,"href":"http:\/\/cisgdb.fr\/index.php?rest_route=\/wp\/v2\/pages\/648\/revisions\/2183"}],"wp:attachment":[{"href":"http:\/\/cisgdb.fr\/index.php?rest_route=%2Fwp%2Fv2%2Fmedia&parent=648"}],"curies":[{"name":"wp","href":"https:\/\/api.w.org\/{rel}","templated":true}]}}