{"id":1042,"date":"2017-04-22T08:55:48","date_gmt":"2017-04-22T07:55:48","guid":{"rendered":"http:\/\/cisgdb.fr\/?page_id=1042"},"modified":"2018-03-19T18:40:43","modified_gmt":"2018-03-19T17:40:43","slug":"transfert-de-vhssuper-8diapos-en-fichiers-numeriques","status":"publish","type":"page","link":"https:\/\/cisgdb.fr\/?page_id=1042","title":{"rendered":"Transfert de VHS\/Super 8\/Diapos en fichiers num\u00e9riques"},"content":{"rendered":"<h1 class=\"a-size-large a-spacing-none\" style=\"text-align: center;\">POUR GARDER SES SOUVENIRS !<\/h1>\n<h2 class=\"a-size-large a-spacing-none\" style=\"text-align: center;\"><span style=\"color: #800000;\">Venez transf\u00e9rer vos VHS UNIQUEMENT LES VIDEOS PRIVES<\/span><\/h2>\n<h2 class=\"a-size-large a-spacing-none\" style=\"text-align: center;\"><span style=\"color: #800000;\">ou Diapos dans un format num\u00e9rique<\/span><\/h2>\n<h2 class=\"a-size-large a-spacing-none\" style=\"text-align: left;\"><span style=\"color: #ff9900;\">Le mat\u00e9riel mis \u00e0 votre disposition<\/span><\/h2>\n<h3 id=\"title\" class=\"a-size-large a-spacing-none\"><span id=\"productTitle\" class=\"a-size-large\"><a href=\"http:\/\/cisgdb.fr\/?attachment_id=1460\" rel=\"attachment wp-att-1460\"><img loading=\"lazy\" decoding=\"async\" class=\" wp-image-1460 alignleft\" src=\"http:\/\/cisgdb.fr\/wp-content\/uploads\/2018\/01\/dazzle.png\" alt=\"\" width=\"233\" height=\"217\" \/><\/a>Dazzle DVD Recorder HD<\/span><\/h3>\n<p><span class=\"st\"><em>Dazzle DVD Recorder HD<\/em> capture des vid\u00e9os provenant de cam\u00e9scopes VHS, Hi8 et V8, ainsi que d&#8217;autres sources analogiques. Proc\u00e9dez au montage des vid\u00e9os captur\u00e9es et g\u00e9n\u00e9rez un contenu sur DVD ou support num\u00e9rique<\/span><\/p>\n<h3 id=\"title\" class=\"a-size-large a-spacing-none\"><\/h3>\n<p>&nbsp;<\/p>\n<p>&nbsp;<\/p>\n<h3 class=\"a-size-large a-spacing-none\"><span id=\"productTitle\" class=\"a-size-large\"><a href=\"http:\/\/cisgdb.fr\/wp-content\/uploads\/2018\/01\/61laOGjxzeL._SL1280_-1.jpg\"><img loading=\"lazy\" decoding=\"async\" class=\"wp-image-1375 alignleft\" src=\"http:\/\/cisgdb.fr\/wp-content\/uploads\/2018\/01\/61laOGjxzeL._SL1280_-1.jpg\" alt=\"\" width=\"237\" height=\"168\" srcset=\"https:\/\/cisgdb.fr\/wp-content\/uploads\/2018\/01\/61laOGjxzeL._SL1280_-1.jpg 1280w, https:\/\/cisgdb.fr\/wp-content\/uploads\/2018\/01\/61laOGjxzeL._SL1280_-1-300x213.jpg 300w, https:\/\/cisgdb.fr\/wp-content\/uploads\/2018\/01\/61laOGjxzeL._SL1280_-1-768x545.jpg 768w, https:\/\/cisgdb.fr\/wp-content\/uploads\/2018\/01\/61laOGjxzeL._SL1280_-1-1024x726.jpg 1024w, https:\/\/cisgdb.fr\/wp-content\/uploads\/2018\/01\/61laOGjxzeL._SL1280_-1-600x426.jpg 600w\" sizes=\"auto, (max-width: 237px) 100vw, 237px\" \/><\/a><\/span><\/h3>\n<h3 class=\"a-size-large a-spacing-none\"><span id=\"productTitle\" class=\"a-size-large\">HQ VHS-C &#8211; Adaptateur VHS-C<\/span><\/h3>\n<p>Cet adaptateur permet d&#8217;enregistrer ou de lire les cassettes VHS-C \u00e0 l&#8217;aide de tous les magn\u00e9toscopes de salon VHS. Le chargement et le d\u00e9chargement de la bande, dans l&#8217;adaptateur, se fait automatiquement lors de fermeture et d&#8217;ouverture du volet.<\/p>\n<p>&nbsp;<\/p>\n<p>&nbsp;<\/p>\n<h1 class=\"a-size-large a-spacing-none\">\u00a0 <a href=\"http:\/\/cisgdb.fr\/?attachment_id=1459\" rel=\"attachment wp-att-1459\"><img loading=\"lazy\" decoding=\"async\" class=\"size-full wp-image-1459 alignleft\" src=\"http:\/\/cisgdb.fr\/wp-content\/uploads\/2018\/01\/perfv550.png\" alt=\"\" width=\"228\" height=\"201\" \/><\/a><\/h1>\n<h3 id=\"title\" class=\"a-size-large a-spacing-none\"><span id=\"productTitle\" class=\"a-size-large\">Perfection V550 Photo 9600dpi USB<\/span><\/h3>\n<p>Pour tout scanner et surtout vos diapos<\/p>\n<p>&nbsp;<\/p>\n<p>&nbsp;<\/p>\n<p>&nbsp;<\/p>\n<p><a href=\"http:\/\/cisgdb.fr\/?attachment_id=1461\" rel=\"attachment wp-att-1461\"><img loading=\"lazy\" decoding=\"async\" class=\" wp-image-1461 alignleft\" src=\"http:\/\/cisgdb.fr\/wp-content\/uploads\/2018\/01\/magneto.png\" alt=\"\" width=\"238\" height=\"166\" \/><\/a><\/p>\n<h3 id=\"title\" class=\"a-size-large a-spacing-none\"><span id=\"productTitle\" class=\"a-size-large\">Un vieux magn\u00e9toscope retrouv\u00e9 dans un grenier \ud83d\ude09<br \/>\n<\/span><\/h3>\n<p>&nbsp;<\/p>\n<p>&nbsp;<\/p>\n<p>&nbsp;<\/p>\n<p>&nbsp;<\/p>\n<p><span style=\"color: #ff6600;\">Pour Aller plus loin &#8230;<\/span><\/p>\n<p><iframe loading=\"lazy\" title=\"Comment num\u00e9riser vos cassettes VHS, Hi8 ou miniDV vers PC ou DVD ?\" width=\"656\" height=\"369\" src=\"https:\/\/www.youtube.com\/embed\/OSS192R2P9Q?feature=oembed\" frameborder=\"0\" allow=\"accelerometer; autoplay; clipboard-write; encrypted-media; gyroscope; picture-in-picture; web-share\" referrerpolicy=\"strict-origin-when-cross-origin\" allowfullscreen><\/iframe><\/p>\n<p>https:\/\/www.youtube.com\/watch?v=fAI1lJCccUQ<\/p>\n<p><iframe loading=\"lazy\" title=\"Num\u00e9riser une cassette VHS\" width=\"656\" height=\"369\" src=\"https:\/\/www.youtube.com\/embed\/5QgrjHDcuWM?feature=oembed\" frameborder=\"0\" allow=\"accelerometer; autoplay; clipboard-write; encrypted-media; gyroscope; picture-in-picture; web-share\" referrerpolicy=\"strict-origin-when-cross-origin\" allowfullscreen><\/iframe><\/p>\n","protected":false},"excerpt":{"rendered":"<p>POUR GARDER SES SOUVENIRS ! Venez transf\u00e9rer vos VHS UNIQUEMENT LES VIDEOS PRIVES ou Diapos dans un format num\u00e9rique Le mat\u00e9riel mis \u00e0 votre disposition Dazzle DVD Recorder HD Dazzle DVD Recorder HD capture des vid\u00e9os provenant de cam\u00e9scopes VHS, Hi8 et V8, ainsi que d&#8217;autres sources analogiques. Proc\u00e9dez au montage des vid\u00e9os captur\u00e9es et [&hellip;]<\/p>\n","protected":false},"author":1,"featured_media":0,"parent":0,"menu_order":0,"comment_status":"closed","ping_status":"closed","template":"","meta":{"_s2mail":"","footnotes":""},"class_list":["post-1042","page","type-page","status-publish","hentry"],"_links":{"self":[{"href":"https:\/\/cisgdb.fr\/index.php?rest_route=\/wp\/v2\/pages\/1042","targetHints":{"allow":["GET"]}}],"collection":[{"href":"https:\/\/cisgdb.fr\/index.php?rest_route=\/wp\/v2\/pages"}],"about":[{"href":"https:\/\/cisgdb.fr\/index.php?rest_route=\/wp\/v2\/types\/page"}],"author":[{"embeddable":true,"href":"https:\/\/cisgdb.fr\/index.php?rest_route=\/wp\/v2\/users\/1"}],"replies":[{"embeddable":true,"href":"https:\/\/cisgdb.fr\/index.php?rest_route=%2Fwp%2Fv2%2Fcomments&post=1042"}],"version-history":[{"count":6,"href":"https:\/\/cisgdb.fr\/index.php?rest_route=\/wp\/v2\/pages\/1042\/revisions"}],"predecessor-version":[{"id":1488,"href":"https:\/\/cisgdb.fr\/index.php?rest_route=\/wp\/v2\/pages\/1042\/revisions\/1488"}],"wp:attachment":[{"href":"https:\/\/cisgdb.fr\/index.php?rest_route=%2Fwp%2Fv2%2Fmedia&parent=1042"}],"curies":[{"name":"wp","href":"https:\/\/api.w.org\/{rel}","templated":true}]}}