{"id":1171,"date":"2017-11-11T17:09:39","date_gmt":"2017-11-11T16:09:39","guid":{"rendered":"http:\/\/cisgdb.fr\/?page_id=1171"},"modified":"2017-11-18T13:35:56","modified_gmt":"2017-11-18T12:35:56","slug":"photos-20172018","status":"publish","type":"page","link":"https:\/\/cisgdb.fr\/?page_id=1171","title":{"rendered":"Photos 2017\/2018"},"content":{"rendered":"<h1>Quelques <span style=\"color: #0000ff;\">Vid\u00e9os <\/span>sur l&#8217;utilisation de <span style=\"color: #0000ff;\">photofiltre<\/span>:<\/h1>\n<p><a href=\"https:\/\/www.youtube.com\/watch?v=ckCXaCCVXB4&amp;feature=em-upload_owner\">Encadrer une photo<\/a><\/p>\n<p><a href=\"https:\/\/www.youtube.com\/watch?v=BcNhdkJWXY0&amp;feature=youtu.be\">Ecrire autour d&#8217;une forme<\/a><\/p>\n<p><a href=\"https:\/\/www.youtube.com\/watch?v=ZWSEH2gMBok&amp;feature=youtu.be\">Ecrire en dessous d&#8217;une forme<\/a><\/p>\n<p><a href=\"https:\/\/www.youtube.com\/watch?v=KCJ8Mvqq1Is&amp;feature=youtu.be\">R\u00c3\u00a9aliser une signature anim\u00c3\u00a9e<\/a><\/p>\n<p><a href=\"https:\/\/youtu.be\/L0_NGP-NbwQ\"><span style=\"text-decoration: underline;\">D\u00c3\u00a9tourage d&#8217;une partie de\u00c2\u00a0photo avec l&#8217;outil vectoriel<\/span><\/a><\/p>\n<p><a href=\"https:\/\/youtu.be\/n9fUeLXAj20\">R\u00c3\u00a9alisation d&#8217;un GIF de P\u00c3\u00a2ques.<\/a><\/p>\n<h1><\/h1>\n<h1>Jeudi 05 Octobre 2017<\/h1>\n<h2>Groupe Matin<\/h2>\n<p>Pr\u00e9sentation du scan diapo nouvellement achet\u00e9 par le club.<\/p>\n<p>Reprise des bases de photofiltre.<\/p>\n<p>R\u00e9alisation d&#8217;une carte d&#8217;anniversaire pour les 16 ans d&#8217;un passionn\u00e9 de moto.<\/p>\n<p><a href=\"http:\/\/cisgdb.fr\/wp-content\/uploads\/2017\/10\/axel-flou16-ans.jpg\"><img loading=\"lazy\" decoding=\"async\" class=\"aligncenter size-medium wp-image-1149\" src=\"http:\/\/cisgdb.fr\/wp-content\/uploads\/2017\/10\/axel-flou16-ans-300x208.jpg\" alt=\"\" width=\"300\" height=\"208\" srcset=\"https:\/\/cisgdb.fr\/wp-content\/uploads\/2017\/10\/axel-flou16-ans-300x208.jpg 300w, https:\/\/cisgdb.fr\/wp-content\/uploads\/2017\/10\/axel-flou16-ans-768x533.jpg 768w, https:\/\/cisgdb.fr\/wp-content\/uploads\/2017\/10\/axel-flou16-ans-1024x711.jpg 1024w, https:\/\/cisgdb.fr\/wp-content\/uploads\/2017\/10\/axel-flou16-ans-600x416.jpg 600w, https:\/\/cisgdb.fr\/wp-content\/uploads\/2017\/10\/axel-flou16-ans.jpg 1500w\" sizes=\"auto, (max-width: 300px) 100vw, 300px\" \/><\/a><\/p>\n<h2>Groupe Apr\u00e8s midi<\/h2>\n<p>Pr\u00e9sentation du scan diapos nouvellement\u00a0 achet\u00e9 par le club.<\/p>\n<p>Reprise des bases de photofiltre.<\/p>\n<p>Exercices d&#8217;application sur les s\u00e9lections de parties d&#8217;image avec photofiltre.<\/p>\n<p>___________________________________________________________________________________________________________<\/p>\n<h1>Jeudi 19 Octobre 2017<\/h1>\n<h2>Groupe Matin<\/h2>\n<p>Revision sur la taille des images,<\/p>\n<p>Avec photofiltre, comment diminuer la taille d&#8217;une image et comment augmenter la zone de travail.<\/p>\n<p>Utilisation de la fonction &#8220;collage sp\u00e9cial&#8221;<\/p>\n<p>R\u00e9vision sur la gestion des calques.<\/p>\n<p>Discussions autour des receptions de courrier avec l&#8217;appli &#8220;courrier&#8221; de windows 10,<\/p>\n<p>Discussions sur l&#8217;attitude \u00e0 avoir suite au piratage de sa boite mail.<\/p>\n<p>Participation \u00e0 la r\u00e9alisation d&#8217;une carte anniversaire destin\u00e9e \u00e0 un chimiste.<\/p>\n<h2>Groupe Apr\u00e8s midi<\/h2>\n<p>D\u00e9montage et r\u00e9cup\u00e9ration du disque dur d&#8217;un ordinateur portable avant sa mise \u00e0 la casse.<\/p>\n<p>T\u00e9l\u00e9chargement et utilisation du logiciel &#8220;Albelli&#8221; pour r\u00e9aliser un album photo \u00e0 le commander en ligne.<\/p>\n<h2>Pour la prochaine s\u00e9ance.<\/h2>\n<p>Retouche d&#8217;une photo o\u00f9 l&#8217;une des personnes est en partie masqu\u00e9e par un filin.<\/p>\n<p>R\u00e9alisation d&#8217;un cadre constitu\u00e9 de plusieurs photos, accol\u00e9es les unes aux autres, destin\u00e9 \u00e0 encadr\u00e9 un miroir.<\/p>\n<p>&nbsp;<\/p>\n<h1>Jeudi 16 Novembre 2017<\/h1>\n<h2>Groupe matin<\/h2>\n<p>R\u00e9alisation d&#8217;un p\u00eale-m\u00eale de photos pour f\u00e9ter 50 ans de mariage.<\/p>\n<h2>Groupe apr\u00e8s midi<\/h2>\n<p>Retouche d&#8217;une photo sur laquelle une personne \u00e9tait derri\u00e8re un gros filin.\u00a0 Utilisation des outils &#8220;gomme magique&#8221; , &#8220;tampon&#8221;, et &#8220;s\u00e9lection&#8221; &#8220;collage&#8221; de photofiltre.<\/p>\n<p>Suite de la r\u00e9alisation d&#8217;un album photos avec le logiciel d&#8217;Albelli.<\/p>\n<p>______________________________________________________________________________________________<\/p>\n<p>.<\/p>\n","protected":false},"excerpt":{"rendered":"<p>Quelques Vid\u00e9os sur l&#8217;utilisation de photofiltre: Encadrer une photo Ecrire autour d&#8217;une forme Ecrire en dessous d&#8217;une forme R\u00c3\u00a9aliser une signature anim\u00c3\u00a9e D\u00c3\u00a9tourage d&#8217;une partie de\u00c2\u00a0photo avec l&#8217;outil vectoriel R\u00c3\u00a9alisation d&#8217;un GIF de P\u00c3\u00a2ques. Jeudi 05 Octobre 2017 Groupe Matin Pr\u00e9sentation du scan diapo nouvellement achet\u00e9 par le club. Reprise des bases de photofiltre. R\u00e9alisation [&hellip;]<\/p>\n","protected":false},"author":1,"featured_media":0,"parent":0,"menu_order":0,"comment_status":"closed","ping_status":"closed","template":"","meta":{"_s2mail":"","footnotes":""},"class_list":["post-1171","page","type-page","status-publish","hentry"],"_links":{"self":[{"href":"https:\/\/cisgdb.fr\/index.php?rest_route=\/wp\/v2\/pages\/1171","targetHints":{"allow":["GET"]}}],"collection":[{"href":"https:\/\/cisgdb.fr\/index.php?rest_route=\/wp\/v2\/pages"}],"about":[{"href":"https:\/\/cisgdb.fr\/index.php?rest_route=\/wp\/v2\/types\/page"}],"author":[{"embeddable":true,"href":"https:\/\/cisgdb.fr\/index.php?rest_route=\/wp\/v2\/users\/1"}],"replies":[{"embeddable":true,"href":"https:\/\/cisgdb.fr\/index.php?rest_route=%2Fwp%2Fv2%2Fcomments&post=1171"}],"version-history":[{"count":2,"href":"https:\/\/cisgdb.fr\/index.php?rest_route=\/wp\/v2\/pages\/1171\/revisions"}],"predecessor-version":[{"id":1222,"href":"https:\/\/cisgdb.fr\/index.php?rest_route=\/wp\/v2\/pages\/1171\/revisions\/1222"}],"wp:attachment":[{"href":"https:\/\/cisgdb.fr\/index.php?rest_route=%2Fwp%2Fv2%2Fmedia&parent=1171"}],"curies":[{"name":"wp","href":"https:\/\/api.w.org\/{rel}","templated":true}]}}