{"id":1594,"date":"2018-10-01T14:01:48","date_gmt":"2018-10-01T13:01:48","guid":{"rendered":"http:\/\/cisgdb.fr\/?page_id=1594"},"modified":"2018-10-01T14:04:31","modified_gmt":"2018-10-01T13:04:31","slug":"photos-20152016","status":"publish","type":"page","link":"https:\/\/cisgdb.fr\/?page_id=1594","title":{"rendered":"Photos 2015\/2016"},"content":{"rendered":"<h1 style=\"text-align: center;\">Les Ateliers<\/h1>\n<h1><\/h1>\n<h1>Groupe Matin<\/h1>\n<h2>Jeudi\u00a01 Octobre 2015<\/h2>\n<p>R\u00e9alisation d&#8217;une carte d&#8217;anniversaire en forme de coupure de presse\u00a0destin\u00e9e \u00e0\u00a0un gar\u00e7on de 14 ans passionn\u00e9 de moto.<\/p>\n<p>R\u00e9alisation d&#8217;une affiche annon\u00e7ant une r\u00e9union destin\u00e9e\u00a0aux membres du club AVD.<\/p>\n<h1>Groupe Apr\u00e8s midi<\/h1>\n<h2>Jeudi\u00a01 Octobre 2015<\/h2>\n<p>R\u00e9alisation d&#8217;un album photo\u00a0sur le site de photobox<\/p>\n<p>_________________________________________________________________<\/p>\n<h1>Groupe Matin<\/h1>\n<h2>Jeudi\u00a015 Octobre 2015<\/h2>\n<p>Utilisation de la fonction &#8220;Automatisation&#8221; de photofiltre pour ajuster plusieurs photos destin\u00e9es \u00e0 illustrer des menus.<\/p>\n<p>R\u00e9flexions sur la photos \u00e0 mettre en premi\u00e8re page d&#8217;un album\u00a0comprenant des clich\u00e9s sur\u00a0plusieurs voyages.<\/p>\n<p><a href=\"http:\/\/www.cisgdb.fr\/blog\/wp-content\/uploads\/2011\/10\/bon-voyage.png\"><img loading=\"lazy\" decoding=\"async\" class=\"aligncenter size-thumbnail wp-image-1722\" src=\"http:\/\/www.cisgdb.fr\/blog\/wp-content\/uploads\/2011\/10\/bon-voyage-150x150.png\" alt=\"bon voyage\" width=\"150\" height=\"150\" \/><\/a><\/p>\n<h1>Groupe Apr\u00e8s midi<\/h1>\n<h2>Jeudi\u00a015 Octobre 2015<\/h2>\n<p>Pr\u00e9sentation du logiciel &#8220;photofiltre&#8221; avec exercices d&#8217;applications permettant de d\u00e9couvrir les outils les plus fr\u00e9quemment utilis\u00e9s pour retoucher les photos.<\/p>\n<p>&#8212;&#8212;&#8212;&#8212;&#8212;&#8212;&#8212;&#8212;&#8212;&#8212;&#8212;&#8212;&#8212;&#8212;&#8212;&#8212;&#8212;&#8212;&#8212;&#8212;&#8212;&#8212;&#8212;&#8212;&#8212;&#8212;&#8212;&#8212;&#8212;&#8212;&#8212;&#8212;&#8212;&#8212;&#8212;&#8212;&#8212;&#8211;<\/p>\n<h1>Groupe Matin<\/h1>\n<h2>Jeudi\u00a012\u00a0Novembre 2015<\/h2>\n<p>R\u00e9alisation de deux montages photos par insertion d&#8217;images personnelles\u00a0dans des paysages choisis.<\/p>\n<p>Th\u00e8mes trait\u00e9s: Anniversaire d&#8217;une passionn\u00e9e de cheval et carte de v\u0153ux pour un groupe\u00a0de randonneurs.<\/p>\n<h1>Groupe Apr\u00e8s midi<\/h1>\n<h2>Jeudi\u00a012 Novembre 2015<\/h2>\n<p>Utilisation\u00a0du logiciel &#8220;photofiltre&#8221; avec exercices d&#8217;applications:<\/p>\n<p>Suppression d&#8217;une personne pr\u00e9sente sur une photo avec l&#8217;aide\u00a0du tampon de clonage.<\/p>\n<p>S\u00e9lections ovales de photos destin\u00e9es \u00e0 un arbre g\u00e9n\u00e9alogique.<\/p>\n<p>___________________________________________________________________________________________________________<\/p>\n<h1>Groupe Matin et Apr\u00e8s midi<\/h1>\n<h2>Jeudi\u00a026\u00a0Novembre 2015<\/h2>\n<p>R\u00e9alisation de\u00a0cartes de bonne ann\u00e9e.<\/p>\n<p><a href=\"http:\/\/cisgdb.fr\/wp-content\/uploads\/2015\/11\/Paysage-neige.jpg\"><img loading=\"lazy\" decoding=\"async\" class=\"alignnone size-medium wp-image-529\" src=\"http:\/\/cisgdb.fr\/wp-content\/uploads\/2015\/11\/Paysage-neige-300x200.jpg\" alt=\"Paysage neige\" width=\"300\" height=\"200\" srcset=\"https:\/\/cisgdb.fr\/wp-content\/uploads\/2015\/11\/Paysage-neige-300x200.jpg 300w, https:\/\/cisgdb.fr\/wp-content\/uploads\/2015\/11\/Paysage-neige-600x399.jpg 600w, https:\/\/cisgdb.fr\/wp-content\/uploads\/2015\/11\/Paysage-neige.jpg 1000w\" sizes=\"auto, (max-width: 300px) 100vw, 300px\" \/><\/a>\u00a0\u00a0\u00a0\u00a0\u00a0\u00a0\u00a0\u00a0\u00a0\u00a0\u00a0\u00a0\u00a0\u00a0\u00a0 <a href=\"http:\/\/cisgdb.fr\/wp-content\/uploads\/2015\/11\/donjon.jpg\"><img loading=\"lazy\" decoding=\"async\" class=\"alignnone size-medium wp-image-530\" src=\"http:\/\/cisgdb.fr\/wp-content\/uploads\/2015\/11\/donjon-300x214.jpg\" alt=\"donjon\" width=\"300\" height=\"214\" srcset=\"https:\/\/cisgdb.fr\/wp-content\/uploads\/2015\/11\/donjon-300x214.jpg 300w, https:\/\/cisgdb.fr\/wp-content\/uploads\/2015\/11\/donjon-600x428.jpg 600w, https:\/\/cisgdb.fr\/wp-content\/uploads\/2015\/11\/donjon.jpg 1000w\" sizes=\"auto, (max-width: 300px) 100vw, 300px\" \/><\/a><\/p>\n<p>Lors de ces exercices, quelques points nouveaux ont \u00e9t\u00e9 abord\u00e9s:<\/p>\n<ul>\n<li>Le chargement de nouvelles polices dans photofiltre par le site en ligne de\u00a0<a href=\"http:\/\/www.dafont.com\/fr\/\" target=\"_blank\" rel=\"noopener noreferrer\">daFont<\/a>,<\/li>\n<li>l&#8217;utilisation de l&#8217;outil &#8220;gomme magique&#8221; de photofiltre,<\/li>\n<li>l&#8217;utilisation de la transparence dans les images et dans les calques,<\/li>\n<li>la fonction masque,<\/li>\n<li>&#8230;&#8230;..<\/li>\n<\/ul>\n<p>_________________________________________________________________________________________________________<\/p>\n<h1>Groupe Matin et Apr\u00e8s midi<\/h1>\n<h2>Jeudi\u00a010 Decembre 2015<\/h2>\n<p>R\u00e9alisation d&#8217;une carte\u00a0menu, recto-verso, pour les f\u00eates.<\/p>\n<p>R\u00e9alisation d&#8217;\u00e9tiquettes de table personnalis\u00e9es destin\u00e9es aux repas de f\u00eates \u00e0 venir.<\/p>\n<p><a href=\"http:\/\/cisgdb.fr\/wp-content\/uploads\/2015\/11\/etiquettes-de-table-arlette.jpg\"><img loading=\"lazy\" decoding=\"async\" class=\"alignnone size-medium wp-image-534\" src=\"http:\/\/cisgdb.fr\/wp-content\/uploads\/2015\/11\/etiquettes-de-table-arlette-300x121.jpg\" alt=\"etiquettes de table arlette\" width=\"300\" height=\"121\" srcset=\"https:\/\/cisgdb.fr\/wp-content\/uploads\/2015\/11\/etiquettes-de-table-arlette-300x121.jpg 300w, https:\/\/cisgdb.fr\/wp-content\/uploads\/2015\/11\/etiquettes-de-table-arlette-1024x414.jpg 1024w, https:\/\/cisgdb.fr\/wp-content\/uploads\/2015\/11\/etiquettes-de-table-arlette-600x243.jpg 600w\" sizes=\"auto, (max-width: 300px) 100vw, 300px\" \/><\/a>\u00a0\u00a0\u00a0\u00a0\u00a0\u00a0\u00a0\u00a0\u00a0 <a href=\"http:\/\/cisgdb.fr\/wp-content\/uploads\/2015\/11\/etiquette-plage-paul.jpg\"><img loading=\"lazy\" decoding=\"async\" class=\"alignnone size-medium wp-image-535\" src=\"http:\/\/cisgdb.fr\/wp-content\/uploads\/2015\/11\/etiquette-plage-paul-300x80.jpg\" alt=\"etiquette plage paul\" width=\"300\" height=\"80\" srcset=\"https:\/\/cisgdb.fr\/wp-content\/uploads\/2015\/11\/etiquette-plage-paul-300x80.jpg 300w, https:\/\/cisgdb.fr\/wp-content\/uploads\/2015\/11\/etiquette-plage-paul-1024x272.jpg 1024w, https:\/\/cisgdb.fr\/wp-content\/uploads\/2015\/11\/etiquette-plage-paul-600x159.jpg 600w\" sizes=\"auto, (max-width: 300px) 100vw, 300px\" \/><\/a>\u00a0 <a href=\"http:\/\/cisgdb.fr\/wp-content\/uploads\/2015\/11\/etiquettes-de-table-charles.jpg\"><img loading=\"lazy\" decoding=\"async\" class=\"alignnone size-medium wp-image-536\" src=\"http:\/\/cisgdb.fr\/wp-content\/uploads\/2015\/11\/etiquettes-de-table-charles-300x121.jpg\" alt=\"etiquettes de table charles\" width=\"300\" height=\"121\" srcset=\"https:\/\/cisgdb.fr\/wp-content\/uploads\/2015\/11\/etiquettes-de-table-charles-300x121.jpg 300w, https:\/\/cisgdb.fr\/wp-content\/uploads\/2015\/11\/etiquettes-de-table-charles-1024x414.jpg 1024w, https:\/\/cisgdb.fr\/wp-content\/uploads\/2015\/11\/etiquettes-de-table-charles-600x243.jpg 600w\" sizes=\"auto, (max-width: 300px) 100vw, 300px\" \/><\/a><\/p>\n<h1>\u00a0______________________________________________________<\/h1>\n<h1>Groupe Matin<\/h1>\n<h2>Jeudi\u00a014 Janvier 2016<\/h2>\n<p>R\u00e9flexions autour de 2 albums photos r\u00e9alis\u00e9s en ligne.<\/p>\n<p>R\u00e9alisation de gifs anim\u00e9s \u00e0 partir de glitters, couleur or, qui simulent un \u00e9clairage variable derri\u00e8re une fen\u00eatre.<\/p>\n<h1>Groupe Apr\u00e8s midi<\/h1>\n<h2>Jeudi\u00a014 Janvier 2016<\/h2>\n<p>R\u00e9flexions autour de 2 albums photos r\u00e9alis\u00e9s en ligne.<\/p>\n<p>Information sur les raisons et la r\u00e9alisation des mises \u00e0 jour de windows,<\/p>\n<p>Information sur la possibilit\u00e9 de restaurer un ordinateur \u00e0 une date ant\u00e9rieure.<\/p>\n<p>R\u00e9alisation de gifs anim\u00e9s \u00e0 partir de glitters, couleur or, qui simulent un \u00e9clairage variable derri\u00e8re une fen\u00eatre.<\/p>\n<div id=\"attachment_555\" style=\"width: 160px\" class=\"wp-caption aligncenter\"><a href=\"http:\/\/cisgdb.fr\/wp-content\/uploads\/2015\/11\/fenetre-donjon.gif\"><img loading=\"lazy\" decoding=\"async\" aria-describedby=\"caption-attachment-555\" class=\"wp-image-555 size-thumbnail\" src=\"http:\/\/cisgdb.fr\/wp-content\/uploads\/2015\/11\/fenetre-donjon-150x150.gif\" alt=\"fenetre donjon\" width=\"150\" height=\"150\" \/><\/a><p id=\"caption-attachment-555\" class=\"wp-caption-text\">cliquez sur l&#8217;image<\/p><\/div>\n<p>__________________________________________________________________________<\/p>\n<h1>Groupe Matin<\/h1>\n<h2>Jeudi\u00a028 Janvier 2016<\/h2>\n<p>Transmission de gros fichiers via le DRIVE de Gmail.<\/p>\n<p>Retouche de photos anciennes..<\/p>\n<h1>Groupe Apr\u00e8s midi<\/h1>\n<h2>Jeudi\u00a028 Janvier 2016<\/h2>\n<p>R\u00e9alisation d&#8217;une carte anniversaire anim\u00e9e (gif) pour une jeune fille passionn\u00e9e de cheval.<\/p>\n<div id=\"attachment_559\" style=\"width: 184px\" class=\"wp-caption aligncenter\"><a href=\"http:\/\/cisgdb.fr\/wp-content\/uploads\/2015\/11\/anni-cheval.gif\"><img loading=\"lazy\" decoding=\"async\" aria-describedby=\"caption-attachment-559\" class=\"size-medium wp-image-559\" src=\"http:\/\/cisgdb.fr\/wp-content\/uploads\/2015\/11\/anni-cheval-174x300.gif\" alt=\"cliquez pour ouvrir\" width=\"174\" height=\"300\" srcset=\"https:\/\/cisgdb.fr\/wp-content\/uploads\/2015\/11\/anni-cheval-174x300.gif 174w, https:\/\/cisgdb.fr\/wp-content\/uploads\/2015\/11\/anni-cheval-595x1024.gif 595w, https:\/\/cisgdb.fr\/wp-content\/uploads\/2015\/11\/anni-cheval-600x1033.gif 600w\" sizes=\"auto, (max-width: 174px) 100vw, 174px\" \/><\/a><p id=\"caption-attachment-559\" class=\"wp-caption-text\">cliquez pour ouvrir<\/p><\/div>\n<p>______________________________________________________________________________________<\/p>\n<h1>Groupe Matin<\/h1>\n<h2>Jeudi\u00a011 F\u00e9vrier 2016<\/h2>\n<p>R\u00e9alisation d&#8217;un logo pour une association.<\/p>\n<p>(Pour s\u00e9ance prochaine, carte anniversaire sous forme d&#8217;un g\u00e9nie sortant d&#8217;un pot de fleurs.)<\/p>\n<h1>Groupe Apr\u00e8s midi<\/h1>\n<h2>Jeudi\u00a011 F\u00e9vrier 2016<\/h2>\n<p>Retouche de photos anciennes.<\/p>\n<p>(pour s\u00e9ance prochaine, r\u00e9alisation d&#8217;une signature anim\u00e9e.)<\/p>\n<p>_____________________________________________________________________________________<\/p>\n<h1>\u00a0Groupe Matin<\/h1>\n<h2>Jeudi\u00a010\u00a0Mars 2016<\/h2>\n<p>R\u00e9vision sur l&#8217;utilisation de C cleaner pour nettoyer un ordinateur,<\/p>\n<p>R\u00e9alisation d&#8217;un \u00a0montage \u00a0repr\u00e9sentant une jeune fille fondue dans les d\u00e9corations d&#8217;une amphore.<\/p>\n<h1>Groupe Apr\u00e8s midi<\/h1>\n<h2>Jeudi\u00a010\u00a0Mars 2016<\/h2>\n<p>R\u00e9alisation d&#8217;une signature anim\u00e9e avec la fonction Gif de photofitre.<\/p>\n<p><a href=\"http:\/\/cisgdb.fr\/wp-content\/uploads\/2015\/11\/signature-jean-claude.gif\" rel=\"attachment wp-att-572\"><img loading=\"lazy\" decoding=\"async\" class=\"size-medium wp-image-572 alignnone\" src=\"http:\/\/cisgdb.fr\/wp-content\/uploads\/2015\/11\/signature-jean-claude-300x212.gif\" alt=\"signature jean-claude\" width=\"300\" height=\"212\" srcset=\"https:\/\/cisgdb.fr\/wp-content\/uploads\/2015\/11\/signature-jean-claude-300x212.gif 300w, https:\/\/cisgdb.fr\/wp-content\/uploads\/2015\/11\/signature-jean-claude-768x543.gif 768w, https:\/\/cisgdb.fr\/wp-content\/uploads\/2015\/11\/signature-jean-claude-1024x724.gif 1024w, https:\/\/cisgdb.fr\/wp-content\/uploads\/2015\/11\/signature-jean-claude-600x424.gif 600w\" sizes=\"auto, (max-width: 300px) 100vw, 300px\" \/><\/a><\/p>\n<p><a href=\"https:\/\/www.youtube.com\/watch?v=KCJ8Mvqq1Is&amp;feature=youtu.be\">Un exemple de signature<\/a><\/p>\n<p>___________________________________________________________________________________________________________________________________________________________<\/p>\n<h1>\u00a0Groupe Matin<\/h1>\n<h2>Jeudi\u00a024\u00a0Mars 2016<\/h2>\n<p>info sur l&#8217;existence de <a href=\"http:\/\/fr.wix.com\/website\/templates\"><span style=\"color: #0066cc;\">Wix, un nouvel outil en ligne <\/span><\/a>qui permet de r\u00e9aliser facilement\u00a0un site web personnalis\u00e9.<\/p>\n<p>R\u00e9alisation d&#8217;une carte anniversaire destin\u00e9e \u00e0 un jeune homme passionn\u00e9 de break dance\u00a0.<\/p>\n<p><a href=\"http:\/\/cisgdb.fr\/wp-content\/uploads\/2015\/11\/breakdance-tom.jpg\" rel=\"attachment wp-att-579\"><img loading=\"lazy\" decoding=\"async\" class=\"aligncenter size-medium wp-image-579\" src=\"http:\/\/cisgdb.fr\/wp-content\/uploads\/2015\/11\/breakdance-tom-300x200.jpg\" alt=\"breakdance tom\" width=\"300\" height=\"200\" srcset=\"https:\/\/cisgdb.fr\/wp-content\/uploads\/2015\/11\/breakdance-tom-300x200.jpg 300w, https:\/\/cisgdb.fr\/wp-content\/uploads\/2015\/11\/breakdance-tom-768x512.jpg 768w, https:\/\/cisgdb.fr\/wp-content\/uploads\/2015\/11\/breakdance-tom-1024x683.jpg 1024w, https:\/\/cisgdb.fr\/wp-content\/uploads\/2015\/11\/breakdance-tom-600x400.jpg 600w, https:\/\/cisgdb.fr\/wp-content\/uploads\/2015\/11\/breakdance-tom.jpg 1800w\" sizes=\"auto, (max-width: 300px) 100vw, 300px\" \/><\/a><\/p>\n<h1>Groupe Apr\u00e8s midi<\/h1>\n<h2>Jeudi\u00a024\u00a0Mars 2016<\/h2>\n<p>info sur l&#8217;existence de <a href=\"http:\/\/fr.wix.com\/website\/templates\"><span style=\"color: #0066cc;\">Wix, un nouvel outil en ligne <\/span><\/a>qui permet de r\u00e9aliser facilement\u00a0un site web personnalis\u00e9<\/p>\n<p>R\u00e9alisation d&#8217;une signature anim\u00e9e avec la fonction Gif de photofitre.<\/p>\n<p>____________________________________________________________________________________________________________________________<\/p>\n<h1>\u00a0Groupe Matin<\/h1>\n<h2>Jeudi\u00a007 Avril 2016<\/h2>\n<p>Reprise et mise en forme d&#8217;une carte d&#8217;invitation pour des noces d&#8217;or.<\/p>\n<p>R\u00e9alisation d&#8217;une carte anniversaire ambiance piscine.<\/p>\n<p><a href=\"http:\/\/cisgdb.fr\/wp-content\/uploads\/2015\/11\/anniversaire-piscine.jpg\" rel=\"attachment wp-att-587\"><img loading=\"lazy\" decoding=\"async\" class=\"aligncenter size-medium wp-image-587\" src=\"http:\/\/cisgdb.fr\/wp-content\/uploads\/2015\/11\/anniversaire-piscine-300x212.jpg\" alt=\"anniversaire piscine\" width=\"300\" height=\"212\" srcset=\"https:\/\/cisgdb.fr\/wp-content\/uploads\/2015\/11\/anniversaire-piscine-300x212.jpg 300w, https:\/\/cisgdb.fr\/wp-content\/uploads\/2015\/11\/anniversaire-piscine-768x543.jpg 768w, https:\/\/cisgdb.fr\/wp-content\/uploads\/2015\/11\/anniversaire-piscine-1024x724.jpg 1024w, https:\/\/cisgdb.fr\/wp-content\/uploads\/2015\/11\/anniversaire-piscine-600x424.jpg 600w\" sizes=\"auto, (max-width: 300px) 100vw, 300px\" \/><\/a><\/p>\n<h1>Groupe Apr\u00e8s midi<\/h1>\n<h2>Jeudi\u00a007 Avril 2016<\/h2>\n<p>Exercices d&#8217;application sur deux nouveaux outils photofiltre:<\/p>\n<ul>\n<li>D\u00e9coupage avec l&#8217;outil &#8220;trac\u00e9 vectoriel&#8221;.<\/li>\n<li>Ecriture d&#8217;un texte\u00a0 dont la forme suit une courbe avec l&#8217;outil &#8220;courbe&#8221; qui se\u00a0trouve dans &#8220;image&#8221; &#8220;transformation&#8221; &#8220;courbe&#8221; ou dans &#8220;calque&#8221; &#8220;transformation&#8221; &#8220;courbe&#8221;.<\/li>\n<\/ul>\n<p>info sur <a href=\"http:\/\/fr.wix.com\/website\/templates\"><span style=\"color: #0066cc;\">Wix, un nouvel outil en ligne <\/span><\/a>qui permet de r\u00e9aliser facilement\u00a0un site web personnalis\u00e9<\/p>\n<p>_______________________________________________________________________<\/p>\n<h1>\u00a0Groupe Matin<\/h1>\n<h2>Jeudi\u00a012 Mai 2016<\/h2>\n<p>Reprise et mise en forme de 3 cartes\u00a0d&#8217;anniversaire.<\/p>\n<p>Echange de fichiers via le drive de gmail.<\/p>\n<h1>Groupe Apr\u00e8s midi<\/h1>\n<h2>Jeudi\u00a012 Mai 2016<\/h2>\n<p>Cr\u00e9ation d&#8217;une adresse gmail dans le but de rassembler et de partager des photos d&#8217;un m\u00eame \u00e9v\u00e9nement\u00a0via le drive de gmail.<\/p>\n<p>Utilisation de <a href=\"http:\/\/www.kizoa.fr\/\" target=\"_blank\" rel=\"noopener noreferrer\">Kizoa<\/a> pour r\u00e9aliser un diaporama anim\u00e9 \u00e0 partir d&#8217;un lot de photos.<\/p>\n<p>Cliquer pour \u00a0<a href=\"https:\/\/www.youtube.com\/watch?v=d6O1Qg9OK6w&amp;feature=em-upload_owner\" target=\"_blank\" rel=\"noopener noreferrer\">Voir un \u00e9chantillon sur youtube<\/a><\/p>\n<p>______________________________________________________________________________________<\/p>\n<h1>\u00a0Groupe Matin<\/h1>\n<h2>Jeudi\u00a019 Mai 2016<\/h2>\n<p>R\u00e9alisation de 2\u00a0cartes\u00a0d&#8217;anniversaire.<\/p>\n<p><a href=\"http:\/\/cisgdb.fr\/wp-content\/uploads\/2015\/11\/route-chris..jpg\" rel=\"attachment wp-att-593\"><img loading=\"lazy\" decoding=\"async\" class=\"aligncenter size-medium wp-image-593\" src=\"http:\/\/cisgdb.fr\/wp-content\/uploads\/2015\/11\/route-chris.-300x188.jpg\" alt=\"route chris.\" width=\"300\" height=\"188\" srcset=\"https:\/\/cisgdb.fr\/wp-content\/uploads\/2015\/11\/route-chris.-300x188.jpg 300w, https:\/\/cisgdb.fr\/wp-content\/uploads\/2015\/11\/route-chris.-768x480.jpg 768w, https:\/\/cisgdb.fr\/wp-content\/uploads\/2015\/11\/route-chris.-1024x640.jpg 1024w, https:\/\/cisgdb.fr\/wp-content\/uploads\/2015\/11\/route-chris.-600x375.jpg 600w, https:\/\/cisgdb.fr\/wp-content\/uploads\/2015\/11\/route-chris..jpg 1280w\" sizes=\"auto, (max-width: 300px) 100vw, 300px\" \/><\/a><\/p>\n<h1>Groupe Apr\u00e8s midi<\/h1>\n<h2>Jeudi\u00a019 Mai 2016<\/h2>\n<p>Utilisation de <a href=\"http:\/\/www.kizoa.fr\/\" target=\"_blank\" rel=\"noopener noreferrer\"><span style=\"color: #0066cc;\">Kizoa<\/span><\/a> pour r\u00e9aliser un diaporama anim\u00e9 \u00e0 partir d&#8217;un lot de photos.<\/p>\n<p>&#8212;&#8212;&#8212;&#8212;&#8212;&#8212;&#8212;&#8212;&#8212;&#8212;&#8212;&#8212;&#8212;&#8212;&#8212;&#8212;&#8212;&#8212;&#8212;&#8212;&#8212;&#8212;&#8212;&#8212;&#8212;&#8212;&#8212;&#8212;&#8212;&#8212;&#8212;&#8212;&#8212;&#8212;&#8212;&#8212;&#8212;&#8212;&#8212;&#8212;&#8212;&#8212;&#8212;&#8212;&#8212;&#8212;&#8212;&#8212;&#8212;&#8212;&#8212;&#8212;&#8212;&#8212;&#8212;&#8212;<\/p>\n<h1>Groupe Matin<\/h1>\n<h2>Jeudi\u00a002 juin\u00a02016<\/h2>\n<p>Retouche d&#8217;une photo de groupe sous expos\u00e9e cot\u00e9 gauche et sur expos\u00e9e cot\u00e9 droit. Utilisation d&#8217;un calque de copie, sur la moiti\u00e9 gauche, r\u00e9gl\u00e9 par la courbe de luminosit\u00e9 de photofiltre.<\/p>\n<h1>Groupe Apr\u00e8s midi<\/h1>\n<h2>Jeudi\u00a002 juin\u00a02016<\/h2>\n<p>Utilisation de <a href=\"http:\/\/www.kizoa.fr\/\" target=\"_blank\" rel=\"noopener noreferrer\"><span style=\"color: #0066cc;\">Kizoa<\/span><\/a> pour r\u00e9aliser un diaporama anim\u00e9 \u00e0 partir d&#8217;un lot de photos.<\/p>\n<p>_________________________________________________________________________________________<\/p>\n<p><a href=\"http:\/\/cisgdb.fr\/wp-content\/uploads\/2015\/11\/route-chris..jpg\" rel=\"attachment wp-att-593\"><span style=\"color: #0066cc;\">\u00a0<\/span><\/a><\/p>\n<h1>Groupes Matin et Apr\u00e8s midi<\/h1>\n<h2>Jeudi\u00a016 juin 2016<\/h2>\n<p>Utilisation de la fonction &#8220;automatisation&#8221; de photofiltre pour redimensionner, encadrer, &#8230;..\u00a0une s\u00e9rie de plusieurs photos en une seule fois.<\/p>\n<p>Utilisation de &#8220;Picasa&#8221; pour cr\u00e9er des &#8220;albums&#8221; relatifs \u00e0 un th\u00e8me particulier et pour cr\u00e9er des montages photos.<\/p>\n<p>______________________________________________________________________________________________<\/p>\n<h1>Groupe Matin<\/h1>\n<h2>Jeudi\u00a030 juin\u00a02016<\/h2>\n<p>Utilisation de la fonction &#8220;calques&#8221;-&#8220;transformation&#8221;-&#8220;courbes&#8221; pour onduler une banni\u00e8re sur un montage photos.<\/p>\n<p>R\u00e9vision sur l&#8217;utilisation de la fonction &#8220;automatisation&#8221; de photofiltre pour redimensionner, encadrer, &#8230;..\u00a0une s\u00e9rie de plusieurs photos en une seule fois<\/p>\n<h1>Groupe Apr\u00e8s midi<\/h1>\n<h2>Jeudi\u00a030 juin\u00a02016<\/h2>\n<p>Cr\u00e9ation d&#8217;une nouvelle partition\u00a0sur le\u00a0disque dur d&#8217;un ordinateur portable\u00a0afin d&#8217;isoler les donn\u00e9es personnelles et permettre, si necessaire, une r\u00e9installation plus simple\u00a0du syst\u00e8me.<\/p>\n<p style=\"text-align: center;\">&#8212;&#8212;&#8212;&#8212;&#8212;&#8212;&#8212;&#8212;&#8212;&#8212;&#8212;&#8212;&#8212;&#8212;&#8212;&#8212;&#8212;&#8212;&#8212;&#8212;&#8212;&#8212;&#8212;&#8212;&#8212;&#8212;&#8212;&#8212;&#8212;&#8212;&#8212;&#8212;&#8212;&#8212;&#8212;&#8212;&#8212;&#8212;&#8212;&#8212;&#8212;&#8212;&#8212;&#8212;&#8212;&#8211;<\/p>\n<h1 style=\"text-align: center;\">Fin de l&#8217;ann\u00e9e 2015\/2016<\/h1>\n<h2 style=\"text-align: center;\">Reprise de l&#8217;atelier photos le jeudi 6 Octobre 2016<\/h2>\n<p style=\"text-align: center;\"><a href=\"http:\/\/cisgdb.fr\/wp-content\/uploads\/2015\/11\/ordi-\u00e0-la-mer.gif\" rel=\"attachment wp-att-616\"><img loading=\"lazy\" decoding=\"async\" class=\"aligncenter size-medium wp-image-616\" src=\"http:\/\/cisgdb.fr\/wp-content\/uploads\/2015\/11\/ordi-\u00e0-la-mer-300x273.gif\" alt=\"ordi \u00e0 la mer\" width=\"300\" height=\"273\" \/><\/a>Bonnes vacances \u00e0 tous<\/p>\n","protected":false},"excerpt":{"rendered":"<p>Les Ateliers Groupe Matin Jeudi\u00a01 Octobre 2015 R\u00e9alisation d&#8217;une carte d&#8217;anniversaire en forme de coupure de presse\u00a0destin\u00e9e \u00e0\u00a0un gar\u00e7on de 14 ans passionn\u00e9 de moto. R\u00e9alisation d&#8217;une affiche annon\u00e7ant une r\u00e9union destin\u00e9e\u00a0aux membres du club AVD. Groupe Apr\u00e8s midi Jeudi\u00a01 Octobre 2015 R\u00e9alisation d&#8217;un album photo\u00a0sur le site de photobox _________________________________________________________________ Groupe Matin Jeudi\u00a015 Octobre [&hellip;]<\/p>\n","protected":false},"author":1,"featured_media":0,"parent":0,"menu_order":0,"comment_status":"closed","ping_status":"closed","template":"","meta":{"_s2mail":"","footnotes":""},"class_list":["post-1594","page","type-page","status-publish","hentry"],"_links":{"self":[{"href":"https:\/\/cisgdb.fr\/index.php?rest_route=\/wp\/v2\/pages\/1594","targetHints":{"allow":["GET"]}}],"collection":[{"href":"https:\/\/cisgdb.fr\/index.php?rest_route=\/wp\/v2\/pages"}],"about":[{"href":"https:\/\/cisgdb.fr\/index.php?rest_route=\/wp\/v2\/types\/page"}],"author":[{"embeddable":true,"href":"https:\/\/cisgdb.fr\/index.php?rest_route=\/wp\/v2\/users\/1"}],"replies":[{"embeddable":true,"href":"https:\/\/cisgdb.fr\/index.php?rest_route=%2Fwp%2Fv2%2Fcomments&post=1594"}],"version-history":[{"count":2,"href":"https:\/\/cisgdb.fr\/index.php?rest_route=\/wp\/v2\/pages\/1594\/revisions"}],"predecessor-version":[{"id":1596,"href":"https:\/\/cisgdb.fr\/index.php?rest_route=\/wp\/v2\/pages\/1594\/revisions\/1596"}],"wp:attachment":[{"href":"https:\/\/cisgdb.fr\/index.php?rest_route=%2Fwp%2Fv2%2Fmedia&parent=1594"}],"curies":[{"name":"wp","href":"https:\/\/api.w.org\/{rel}","templated":true}]}}