{"id":1638,"date":"2018-10-09T10:07:43","date_gmt":"2018-10-09T09:07:43","guid":{"rendered":"http:\/\/cisgdb.fr\/?page_id=1638"},"modified":"2025-08-26T11:30:53","modified_gmt":"2025-08-26T10:30:53","slug":"genovekid","status":"publish","type":"page","link":"https:\/\/cisgdb.fr\/?page_id=1638","title":{"rendered":"GENOVEKID"},"content":{"rendered":"\n<h1 class=\"wp-block-heading\"><a href=\"http:\/\/cisgdb.fr\/?attachment_id=1641\" rel=\"attachment wp-att-1641\"><img loading=\"lazy\" decoding=\"async\" class=\" wp-image-1641 alignleft\" src=\"http:\/\/cisgdb.fr\/wp-content\/uploads\/2018\/10\/cebda4580e56a1916c5e8447032bd5cd.jpg\" alt=\"\" width=\"226\" height=\"148\" srcset=\"https:\/\/cisgdb.fr\/wp-content\/uploads\/2018\/10\/cebda4580e56a1916c5e8447032bd5cd.jpg 624w, https:\/\/cisgdb.fr\/wp-content\/uploads\/2018\/10\/cebda4580e56a1916c5e8447032bd5cd-300x197.jpg 300w, https:\/\/cisgdb.fr\/wp-content\/uploads\/2018\/10\/cebda4580e56a1916c5e8447032bd5cd-600x394.jpg 600w\" sizes=\"auto, (max-width: 226px) 100vw, 226px\" \/><\/a>LE <b>G<\/b>ENOV\u00e9<b>KID<br><\/b><\/h1>\n\n\n\n<p class=\"has-text-align-center\"><\/p>\n\n\n\n<p class=\"has-text-align-center\"><b>Groupe de 3 \u00e9l\u00e8ves (11 \u00e0 14 ans) : <\/b>65\u20ac<i>\/enfant + 15\u20ac d&#8217;adh\u00e9sion<br><\/i><\/p>\n\n\n\n<h2 class=\"wp-block-heading\">Ce cours sera donn\u00e9 le samedi pendant les vacances scolaires. Si vous n&#8217;avez pas pu vous inscrire \u00e0 la f\u00eate des associations, merci d&#8217;envoyer un message \u00e0 contact@cisgdb.fr<\/h2>\n\n\n\n<p>Nous avons le plaisir de vous inviter \u00e0 un atelier sp\u00e9cial : D\u00e9couverte des Technologies&#8221;. Cet \u00e9v\u00e9nement est destin\u00e9 aux enfants de 11 \u00e0 14 ans et se d\u00e9roulera dans une ambiance conviviale.<\/p>\n\n\n\n<h3 class=\"wp-block-heading\">Pr\u00e9sentation de l&#8217;atelier<\/h3>\n\n\n\n<p>Dates des ateliers : <\/p>\n\n\n\n<ul class=\"wp-block-list\">\n<li>le samedi 19 octobre 2024 \u00e0 15h : jeux vid\u00e9o avec GameMaker<\/li>\n\n\n\n<li>le samedi 21 d\u00e9cembre 2024 \u00e0 15h : Impression 3D<\/li>\n\n\n\n<li>le samedi 22 f\u00e9vrier 2025 \u00e0 15h : Cybers\u00e9curit\u00e9<\/li>\n\n\n\n<li>le samedi 19 avril 2025 \u00e0 15h : Robotique &amp; codage<\/li>\n\n\n\n<li>D\u00e9but juillet : R\u00e9alit\u00e9 virtuelle et R\u00e9tro gaming<\/li>\n<\/ul>\n\n\n\n<h3 class=\"wp-block-heading\">Th\u00e8me de l&#8217;atelier<\/h3>\n\n\n\n<p>Cet atelier a pour objectif d&#8217;initier les jeunes aux technologies de pointe de mani\u00e8re ludique et interactive. Nous aborderons plusieurs sujets passionnants : le jeu vid\u00e9o, l&#8217;impression 3D, la cybers\u00e9curit\u00e9 et le codage.<\/p>\n\n\n\n<h3 class=\"wp-block-heading\">Points abord\u00e9s<\/h3>\n\n\n\n<ol class=\"wp-block-list\">\n<li><strong>Jeu vid\u00e9o<\/strong> :\n<ul class=\"wp-block-list\">\n<li>D\u00e9couverte des bases de la cr\u00e9ation de jeux vid\u00e9o.<\/li>\n\n\n\n<li>Utilisation de logiciels simples pour cr\u00e9er des jeux.<\/li>\n\n\n\n<li>Initiation aux concepts de game design et de programmation.<\/li>\n<\/ul>\n<\/li>\n\n\n\n<li><strong>Impression 3D<\/strong> :\n<ul class=\"wp-block-list\">\n<li>Pr\u00e9sentation de l&#8217;impression 3D et de ses applications.<\/li>\n\n\n\n<li>D\u00e9couverte des logiciels de mod\u00e9lisation 3D.<\/li>\n\n\n\n<li>Cr\u00e9ation et impression de petits objets.<\/li>\n<\/ul>\n<\/li>\n\n\n\n<li><strong>Cybers\u00e9curit\u00e9<\/strong> :\n<ul class=\"wp-block-list\">\n<li>Sensibilisation aux dangers d&#8217;Internet et aux bonnes pratiques de s\u00e9curit\u00e9.<\/li>\n\n\n\n<li>Apprentissage des bases de la protection des donn\u00e9es personnelles.<\/li>\n\n\n\n<li>Jeux et activit\u00e9s interactives pour comprendre les concepts de cybers\u00e9curit\u00e9.<\/li>\n<\/ul>\n<\/li>\n\n\n\n<li><strong>Codage<\/strong> :\n<ul class=\"wp-block-list\">\n<li>Initiation aux bases de la programmation avec des langages adapt\u00e9s aux enfants.<\/li>\n\n\n\n<li>Utilisation de plateformes de codage en ligne comme Scratch.<\/li>\n\n\n\n<li>Cr\u00e9ation de petits projets de codage amusants.<\/li>\n<\/ul>\n<\/li>\n<\/ol>\n\n\n\n<h3 class=\"wp-block-heading\">Pourquoi participer ?<\/h3>\n\n\n\n<p>Cet atelier est une excellente opportunit\u00e9 pour les enfants de d\u00e9couvrir les technologies de mani\u00e8re ludique et \u00e9ducative. Ils pourront d\u00e9velopper leurs comp\u00e9tences en informatique tout en s&#8217;amusant. Que votre enfant soit d\u00e9butant ou d\u00e9j\u00e0 passionn\u00e9 par la technologie, il trouvera des activit\u00e9s enrichissantes et stimulantes.<\/p>\n\n\n\n<h3 class=\"wp-block-heading\">Inscription<\/h3>\n\n\n\n<p>Pour des raisons d&#8217;organisation, merci de bien vouloir confirmer la pr\u00e9sence de votre enfant avant le [date de confirmation].<\/p>\n\n\n\n<figure class=\"wp-block-gallery has-nested-images columns-default is-cropped wp-block-gallery-1 is-layout-flex wp-block-gallery-is-layout-flex\">\n<figure class=\"wp-block-image size-large\"><a href=\"https:\/\/cisgdb.fr\/wp-content\/uploads\/2025\/08\/481790051_1084129463753398_2240031136426923593_n-1.jpg\"><img loading=\"lazy\" decoding=\"async\" width=\"1024\" height=\"768\" data-id=\"2302\" src=\"https:\/\/cisgdb.fr\/wp-content\/uploads\/2025\/08\/481790051_1084129463753398_2240031136426923593_n-1-1024x768.jpg\" alt=\"\" class=\"wp-image-2302\" srcset=\"https:\/\/cisgdb.fr\/wp-content\/uploads\/2025\/08\/481790051_1084129463753398_2240031136426923593_n-1-1024x768.jpg 1024w, https:\/\/cisgdb.fr\/wp-content\/uploads\/2025\/08\/481790051_1084129463753398_2240031136426923593_n-1-300x225.jpg 300w, https:\/\/cisgdb.fr\/wp-content\/uploads\/2025\/08\/481790051_1084129463753398_2240031136426923593_n-1-768x576.jpg 768w, https:\/\/cisgdb.fr\/wp-content\/uploads\/2025\/08\/481790051_1084129463753398_2240031136426923593_n-1-1536x1152.jpg 1536w, https:\/\/cisgdb.fr\/wp-content\/uploads\/2025\/08\/481790051_1084129463753398_2240031136426923593_n-1.jpg 2048w\" sizes=\"auto, (max-width: 1024px) 100vw, 1024px\" \/><\/a><\/figure>\n\n\n\n<figure class=\"wp-block-image size-large\"><a href=\"https:\/\/cisgdb.fr\/wp-content\/uploads\/2025\/08\/485827088_1097074935792184_6609257041314236128_n-1.jpg\"><img loading=\"lazy\" decoding=\"async\" width=\"1024\" height=\"699\" data-id=\"2303\" src=\"https:\/\/cisgdb.fr\/wp-content\/uploads\/2025\/08\/485827088_1097074935792184_6609257041314236128_n-1-1024x699.jpg\" alt=\"\" class=\"wp-image-2303\" srcset=\"https:\/\/cisgdb.fr\/wp-content\/uploads\/2025\/08\/485827088_1097074935792184_6609257041314236128_n-1-1024x699.jpg 1024w, https:\/\/cisgdb.fr\/wp-content\/uploads\/2025\/08\/485827088_1097074935792184_6609257041314236128_n-1-300x205.jpg 300w, https:\/\/cisgdb.fr\/wp-content\/uploads\/2025\/08\/485827088_1097074935792184_6609257041314236128_n-1-768x524.jpg 768w, https:\/\/cisgdb.fr\/wp-content\/uploads\/2025\/08\/485827088_1097074935792184_6609257041314236128_n-1-1536x1049.jpg 1536w, https:\/\/cisgdb.fr\/wp-content\/uploads\/2025\/08\/485827088_1097074935792184_6609257041314236128_n-1.jpg 2048w\" sizes=\"auto, (max-width: 1024px) 100vw, 1024px\" \/><\/a><\/figure>\n<\/figure>\n","protected":false},"excerpt":{"rendered":"<p>LE GENOV\u00e9KID Groupe de 3 \u00e9l\u00e8ves (11 \u00e0 14 ans) : 65\u20ac\/enfant + 15\u20ac d&#8217;adh\u00e9sion Ce cours sera donn\u00e9 le samedi pendant les vacances scolaires. Si vous n&#8217;avez pas pu vous inscrire \u00e0 la f\u00eate des associations, merci d&#8217;envoyer un message \u00e0 contact@cisgdb.fr Nous avons le plaisir de vous inviter \u00e0 un atelier sp\u00e9cial : [&hellip;]<\/p>\n","protected":false},"author":1,"featured_media":0,"parent":0,"menu_order":0,"comment_status":"closed","ping_status":"closed","template":"","meta":{"_s2mail":"yes","footnotes":""},"class_list":["post-1638","page","type-page","status-publish","hentry"],"_links":{"self":[{"href":"https:\/\/cisgdb.fr\/index.php?rest_route=\/wp\/v2\/pages\/1638","targetHints":{"allow":["GET"]}}],"collection":[{"href":"https:\/\/cisgdb.fr\/index.php?rest_route=\/wp\/v2\/pages"}],"about":[{"href":"https:\/\/cisgdb.fr\/index.php?rest_route=\/wp\/v2\/types\/page"}],"author":[{"embeddable":true,"href":"https:\/\/cisgdb.fr\/index.php?rest_route=\/wp\/v2\/users\/1"}],"replies":[{"embeddable":true,"href":"https:\/\/cisgdb.fr\/index.php?rest_route=%2Fwp%2Fv2%2Fcomments&post=1638"}],"version-history":[{"count":11,"href":"https:\/\/cisgdb.fr\/index.php?rest_route=\/wp\/v2\/pages\/1638\/revisions"}],"predecessor-version":[{"id":2304,"href":"https:\/\/cisgdb.fr\/index.php?rest_route=\/wp\/v2\/pages\/1638\/revisions\/2304"}],"wp:attachment":[{"href":"https:\/\/cisgdb.fr\/index.php?rest_route=%2Fwp%2Fv2%2Fmedia&parent=1638"}],"curies":[{"name":"wp","href":"https:\/\/api.w.org\/{rel}","templated":true}]}}