{"id":272,"date":"2015-08-12T13:47:26","date_gmt":"2015-08-12T12:47:26","guid":{"rendered":"http:\/\/cisgdb.fr\/?page_id=272"},"modified":"2024-09-06T13:19:26","modified_gmt":"2024-09-06T12:19:26","slug":"epne","status":"publish","type":"page","link":"https:\/\/cisgdb.fr\/?page_id=272","title":{"rendered":"EPNE"},"content":{"rendered":"<p><em>Dans le cadre de la politique num\u00e9rique d\u00e9partementale engag\u00e9e par le Conseil G\u00e9n\u00e9ral de l\u2019Essonne, les EPNE structurants ou Espaces publics num\u00e9riques d\u00e9partementaux jouent un r\u00f4le particulier dans le dispositif d\u2019aide \u00e0 l\u2019implantation et au d\u00e9veloppement des lieux d\u2019acc\u00e8s et d\u2019appropriation des technologies de l\u2019information et de la communication.<\/em><\/p>\n<p>**L&#8217;Espace Public Num\u00e9rique Essonnien : Un Lieu de Partage et de Libre Acc\u00e8s aux \u00c9quipements Num\u00e9riques**<\/p>\n<p>L&#8217;espace public Num\u00e9rique Essonnien est bien plus qu&#8217;un simple lieu de passage ou de rencontre. C&#8217;est un v\u00e9ritable carrefour de la vie communautaire, un espace o\u00f9 se croisent les id\u00e9es, les cultures et les g\u00e9n\u00e9rations. Situ\u00e9 au c\u0153ur de notre ville, cet espace incarne les valeurs de partage, d&#8217;inclusion et d&#8217;innovation qui nous sont ch\u00e8res.<\/p>\n<p>**Un Acc\u00e8s Libre aux \u00c9quipements Num\u00e9riques**<\/p>\n<p>L&#8217;une des particularit\u00e9s de l&#8217;espace public Num\u00e9rique Essonnien r\u00e9side dans son engagement en faveur de l&#8217;acc\u00e8s libre aux \u00e9quipements num\u00e9riques. Dans un monde de plus en plus connect\u00e9, il est essentiel que chacun puisse b\u00e9n\u00e9ficier des outils num\u00e9riques pour s&#8217;informer, communiquer et se former. C&#8217;est pourquoi nous avons mis en place des bornes Wi-Fi gratuites, des ordinateurs en libre-service et des tablettes disponibles pour tous.<\/p>\n<p>Ces \u00e9quipements permettent \u00e0 chacun, quel que soit son \u00e2ge ou son niveau de comp\u00e9tence, de se familiariser avec les technologies num\u00e9riques. Les seniors peuvent ainsi rester connect\u00e9s avec leurs proches, les \u00e9tudiants peuvent travailler sur leurs projets, et les enfants peuvent d\u00e9couvrir de nouvelles ressources \u00e9ducatives.<\/p>\n<p>Ces initiatives visent \u00e0 r\u00e9duire la fracture num\u00e9rique et \u00e0 permettre \u00e0 chacun de tirer pleinement parti des opportunit\u00e9s offertes par les technologies modernes. En rendant ces comp\u00e9tences accessibles \u00e0 tous, nous contribuons \u00e0 cr\u00e9er une soci\u00e9t\u00e9 plus inclusive et plus \u00e9quitable.<\/p>\n<p>**Un Espace en \u00c9volution**<\/p>\n<p>L&#8217;espace public Num\u00e9rique Essonnien est en constante \u00e9volution. Nous sommes \u00e0 l&#8217;\u00e9coute des besoins et des attentes de notre communaut\u00e9 pour adapter nos services et nos am\u00e9nagements. Vos suggestions et vos retours sont pr\u00e9cieux pour nous aider \u00e0 am\u00e9liorer continuellement cet espace et \u00e0 en faire un lieu toujours plus accueillant et utile pour tous.<\/p>\n<p>Ensemble, faisons de l&#8217;espace public Num\u00e9rique Essonnien un v\u00e9ritable lieu de vie, de partage et d&#8217;apprentissage. Rejoignez-nous pour d\u00e9couvrir, apprendre et \u00e9changer dans un cadre convivial et connect\u00e9.<\/p>\n","protected":false},"excerpt":{"rendered":"<p>Dans le cadre de la politique num\u00e9rique d\u00e9partementale engag\u00e9e par le Conseil G\u00e9n\u00e9ral de l\u2019Essonne, les EPNE structurants ou Espaces publics num\u00e9riques d\u00e9partementaux jouent un r\u00f4le particulier dans le dispositif d\u2019aide \u00e0 l\u2019implantation et au d\u00e9veloppement des lieux d\u2019acc\u00e8s et d\u2019appropriation des technologies de l\u2019information et de la communication. **L&#8217;Espace Public Num\u00e9rique Essonnien : Un [&hellip;]<\/p>\n","protected":false},"author":1,"featured_media":0,"parent":0,"menu_order":0,"comment_status":"closed","ping_status":"open","template":"","meta":{"_s2mail":"yes","footnotes":""},"class_list":["post-272","page","type-page","status-publish","hentry"],"_links":{"self":[{"href":"https:\/\/cisgdb.fr\/index.php?rest_route=\/wp\/v2\/pages\/272","targetHints":{"allow":["GET"]}}],"collection":[{"href":"https:\/\/cisgdb.fr\/index.php?rest_route=\/wp\/v2\/pages"}],"about":[{"href":"https:\/\/cisgdb.fr\/index.php?rest_route=\/wp\/v2\/types\/page"}],"author":[{"embeddable":true,"href":"https:\/\/cisgdb.fr\/index.php?rest_route=\/wp\/v2\/users\/1"}],"replies":[{"embeddable":true,"href":"https:\/\/cisgdb.fr\/index.php?rest_route=%2Fwp%2Fv2%2Fcomments&post=272"}],"version-history":[{"count":3,"href":"https:\/\/cisgdb.fr\/index.php?rest_route=\/wp\/v2\/pages\/272\/revisions"}],"predecessor-version":[{"id":2159,"href":"https:\/\/cisgdb.fr\/index.php?rest_route=\/wp\/v2\/pages\/272\/revisions\/2159"}],"wp:attachment":[{"href":"https:\/\/cisgdb.fr\/index.php?rest_route=%2Fwp%2Fv2%2Fmedia&parent=272"}],"curies":[{"name":"wp","href":"https:\/\/api.w.org\/{rel}","templated":true}]}}